{"id":3593,"date":"2023-11-03T14:58:07","date_gmt":"2023-11-03T14:58:07","guid":{"rendered":"https:\/\/mueblesitalianos.com\/site\/?post_type=product&#038;p=3593"},"modified":"2023-11-04T14:35:43","modified_gmt":"2023-11-04T14:35:43","slug":"base-ottocento-media","status":"publish","type":"product","link":"https:\/\/mueblesitalianos.com\/site\/producto\/base-ottocento-media\/","title":{"rendered":"BASE OTTOCENTO MEDIA"},"content":{"rendered":"<p>diam.46 h71<br \/>\nMILKY WHITE<\/p>\n<p>Las l\u00edneas y la elegancia de las columnas neocl\u00e1sicas, \u00a1en versi\u00f3n mini!\u00a0Ottocento Mini es la colecci\u00f3n de mesas de centro de Paola Navone, con formas cl\u00e1sicas y un esp\u00edritu pop que distinguen toda la colecci\u00f3n.\u00a0Disponible con dos bases diferentes y con la adici\u00f3n de una elegante tapa inspirada en los matices naturales del m\u00e1rmol y la madera, Ottocento Mini completa cualquier tipo de decoraci\u00f3n de interior y exterior.<\/p>\n","protected":false},"excerpt":{"rendered":"<p>diam.46 h71 MILKY WHITE Las l\u00edneas y la elegancia de las columnas neocl\u00e1sicas, \u00a1en versi\u00f3n mini!\u00a0Ottocento Mini es la colecci\u00f3n de mesas de centro de Paola Navone, con formas cl\u00e1sicas y un esp\u00edritu pop que distinguen toda la colecci\u00f3n.\u00a0Disponible con dos bases diferentes y con la adici\u00f3n de una elegante tapa inspirada en los matices [&hellip;]<\/p>\n","protected":false},"featured_media":3716,"template":"","meta":{"_joinchat":[]},"product_cat":[17],"product_tag":[],"class_list":{"0":"post-3593","1":"product","2":"type-product","3":"status-publish","4":"has-post-thumbnail","6":"product_cat-slide-collection","8":"first","9":"instock","10":"shipping-taxable","11":"purchasable","12":"product-type-simple"},"aioseo_notices":[],"_links":{"self":[{"href":"https:\/\/mueblesitalianos.com\/site\/wp-json\/wp\/v2\/product\/3593","targetHints":{"allow":["GET"]}}],"collection":[{"href":"https:\/\/mueblesitalianos.com\/site\/wp-json\/wp\/v2\/product"}],"about":[{"href":"https:\/\/mueblesitalianos.com\/site\/wp-json\/wp\/v2\/types\/product"}],"wp:featuredmedia":[{"embeddable":true,"href":"https:\/\/mueblesitalianos.com\/site\/wp-json\/wp\/v2\/media\/3716"}],"wp:attachment":[{"href":"https:\/\/mueblesitalianos.com\/site\/wp-json\/wp\/v2\/media?parent=3593"}],"wp:term":[{"taxonomy":"product_cat","embeddable":true,"href":"https:\/\/mueblesitalianos.com\/site\/wp-json\/wp\/v2\/product_cat?post=3593"},{"taxonomy":"product_tag","embeddable":true,"href":"https:\/\/mueblesitalianos.com\/site\/wp-json\/wp\/v2\/product_tag?post=3593"}],"curies":[{"name":"wp","href":"https:\/\/api.w.org\/{rel}","templated":true}]}}