{"id":3602,"date":"2023-11-03T15:09:04","date_gmt":"2023-11-03T15:09:04","guid":{"rendered":"https:\/\/mueblesitalianos.com\/site\/?post_type=product&#038;p=3602"},"modified":"2023-11-04T20:27:56","modified_gmt":"2023-11-04T20:27:56","slug":"lowchair-low-lita","status":"publish","type":"product","link":"https:\/\/mueblesitalianos.com\/site\/producto\/lowchair-low-lita\/","title":{"rendered":"Lowchair LOW LITA"},"content":{"rendered":"<p>cm.90&#215;80 h.73 JET<br \/>\nBLACK<\/p>\n<p>Creado por la famosa dise\u00f1adora italiana Paola Navone, el sill\u00f3n lounge Low Lita conquist\u00f3 inmediatamente al p\u00fablico, convirti\u00e9ndose en uno de los productos m\u00e1s solicitados de toda la producci\u00f3n SLIDE.\u00a0Fabricada en polietileno con tecnolog\u00eda de moldeo rotacional, Low Lita llama la atenci\u00f3n gracias a su ingenioso dise\u00f1o.\u00a0La comodidad del asiento y la contemporaneidad de sus l\u00edneas garantizan relajaci\u00f3n y confort.\u00a0El tama\u00f1o de las cuatro patas, robustas e irregulares, evocan un lejano esp\u00edritu africano.\u00a0Low Lita es apto para uso interior y exterior y tambi\u00e9n est\u00e1 disponible en versi\u00f3n lacada, dise\u00f1ada para uso contract.\u00a0Junto al sill\u00f3n, tambi\u00e9n est\u00e1n disponibles la Mesa Low Lita, el asiento doble Low Lita Love y la chaise longue Low Lita Lounge.\u00a0Para todos los asientos hay disponibles suaves cojines de tejido impermeable.<\/p>\n","protected":false},"excerpt":{"rendered":"<p>cm.90&#215;80 h.73 JET BLACK Creado por la famosa dise\u00f1adora italiana Paola Navone, el sill\u00f3n lounge Low Lita conquist\u00f3 inmediatamente al p\u00fablico, convirti\u00e9ndose en uno de los productos m\u00e1s solicitados de toda la producci\u00f3n SLIDE.\u00a0Fabricada en polietileno con tecnolog\u00eda de moldeo rotacional, Low Lita llama la atenci\u00f3n gracias a su ingenioso dise\u00f1o.\u00a0La comodidad del asiento y [&hellip;]<\/p>\n","protected":false},"featured_media":3729,"template":"","meta":{"_joinchat":[]},"product_cat":[17],"product_tag":[],"class_list":{"0":"post-3602","1":"product","2":"type-product","3":"status-publish","4":"has-post-thumbnail","6":"product_cat-slide-collection","8":"first","9":"instock","10":"shipping-taxable","11":"purchasable","12":"product-type-simple"},"aioseo_notices":[],"_links":{"self":[{"href":"https:\/\/mueblesitalianos.com\/site\/wp-json\/wp\/v2\/product\/3602","targetHints":{"allow":["GET"]}}],"collection":[{"href":"https:\/\/mueblesitalianos.com\/site\/wp-json\/wp\/v2\/product"}],"about":[{"href":"https:\/\/mueblesitalianos.com\/site\/wp-json\/wp\/v2\/types\/product"}],"wp:featuredmedia":[{"embeddable":true,"href":"https:\/\/mueblesitalianos.com\/site\/wp-json\/wp\/v2\/media\/3729"}],"wp:attachment":[{"href":"https:\/\/mueblesitalianos.com\/site\/wp-json\/wp\/v2\/media?parent=3602"}],"wp:term":[{"taxonomy":"product_cat","embeddable":true,"href":"https:\/\/mueblesitalianos.com\/site\/wp-json\/wp\/v2\/product_cat?post=3602"},{"taxonomy":"product_tag","embeddable":true,"href":"https:\/\/mueblesitalianos.com\/site\/wp-json\/wp\/v2\/product_tag?post=3602"}],"curies":[{"name":"wp","href":"https:\/\/api.w.org\/{rel}","templated":true}]}}