{"id":3605,"date":"2023-11-03T15:18:57","date_gmt":"2023-11-03T15:18:57","guid":{"rendered":"https:\/\/mueblesitalianos.com\/site\/?post_type=product&#038;p=3605"},"modified":"2023-11-04T14:35:09","modified_gmt":"2023-11-04T14:35:09","slug":"stool-threebu","status":"publish","type":"product","link":"https:\/\/mueblesitalianos.com\/site\/producto\/stool-threebu\/","title":{"rendered":"Stool THREEBU"},"content":{"rendered":"<div class=\"MuiPaper-root MuiPaper-elevation MuiPaper-rounded MuiPaper-elevation0 MuiAccordion-root MuiAccordion-rounded Mui-expanded css-l-m5xj63\">\n<div class=\"MuiCollapse-root MuiCollapse-vertical MuiCollapse-entered css-l-c4sutr\">\n<div class=\"MuiCollapse-wrapper MuiCollapse-vertical css-l-hboir5\">\n<div class=\"MuiCollapse-wrapperInner MuiCollapse-vertical css-l-8atqhb\">\n<div class=\"MuiAccordion-region\" role=\"region\">\n<div class=\"MuiAccordionDetails-root css-l-1y95xw7\">\n<div class=\"MuiStack-root css-l-w5d7ok\">\n<p>45x45x45cm<\/p>\n<p class=\"MuiTypography-root MuiTypography-body1 css-l-93xxwp\">Tres caras, un s\u00edmbolo en torno al cual encontrarse.\u00a0Marcantonio dise\u00f1a Threeb\u00f9, una mesa de centro\/taburete contempor\u00e1neo, una evoluci\u00f3n de los rituales ancestrales de compartir espacios y tiempos que cobran vida gracias al esp\u00edritu pop de SLIDE y se caracteriza por la caracter\u00edstica m\u00e1s seria para el dise\u00f1ador: la iron\u00eda.\u00a0Con un sabor \u00e9tnico pero extremadamente vers\u00e1til, Threeb\u00f9 tambi\u00e9n est\u00e1 disponible en las versiones jarr\u00f3n Threeb\u00f9 Pot, botellero Threeb\u00f9 Party o l\u00e1mpara de pie Threeb\u00f9 Totem.\u00a0Con los asientos Kroko y Big Kroko, las variantes Threeb\u00f9 forman la colecci\u00f3n Afrika. A partir de la conexi\u00f3n constante con la naturaleza, la nueva colecci\u00f3n est\u00e1 realizada con un biopl\u00e1stico derivado de la ca\u00f1a de az\u00facar, que recuerda los colores de la tierra y que por primera vez es utilizado en el mundo del dise\u00f1o.<\/p>\n<\/div>\n<\/div>\n<\/div>\n<\/div>\n<\/div>\n<\/div>\n<\/div>\n<div class=\"MuiPaper-root MuiPaper-elevation MuiPaper-rounded MuiPaper-elevation0 MuiAccordion-root MuiAccordion-rounded Mui-expanded css-l-m5xj63\">\n<div class=\"MuiButtonBase-root MuiAccordionSummary-root Mui-expanded css-l-lw93nq\" tabindex=\"0\" role=\"button\" aria-expanded=\"true\">\n<div class=\"MuiAccordionSummary-content Mui-expanded css-l-1n11r91\">Elige tu producto<\/div>\n<div class=\"MuiAccordionSummary-expandIconWrapper Mui-expanded css-l-1fx8m19\"><\/div>\n<\/div>\n<div class=\"MuiCollapse-root MuiCollapse-vertical MuiCollapse-entered css-l-c4sutr\">\n<div class=\"MuiCollapse-wrapper MuiCollapse-vertical css-l-hboir5\">\n<div class=\"MuiCollapse-wrapperInner MuiCollapse-vertical css-l-8atqhb\">\n<div class=\"MuiAccordion-region\" role=\"region\">\n<div class=\"MuiAccordionDetails-root css-l-1y95xw7\">\n<div class=\"MuiStack-root css-l-1g3ada7\"><\/div>\n<\/div>\n<\/div>\n<\/div>\n<\/div>\n<\/div>\n<\/div>\n","protected":false},"excerpt":{"rendered":"<p>45x45x45cm Tres caras, un s\u00edmbolo en torno al cual encontrarse.\u00a0Marcantonio dise\u00f1a Threeb\u00f9, una mesa de centro\/taburete contempor\u00e1neo, una evoluci\u00f3n de los rituales ancestrales de compartir espacios y tiempos que cobran vida gracias al esp\u00edritu pop de SLIDE y se caracteriza por la caracter\u00edstica m\u00e1s seria para el dise\u00f1ador: la iron\u00eda.\u00a0Con un sabor \u00e9tnico pero extremadamente [&hellip;]<\/p>\n","protected":false},"featured_media":3714,"template":"","meta":{"_joinchat":[]},"product_cat":[17],"product_tag":[],"class_list":{"0":"post-3605","1":"product","2":"type-product","3":"status-publish","4":"has-post-thumbnail","6":"product_cat-slide-collection","7":"pa_color-dove-grey","8":"pa_color-light-white","9":"pa_color-malva-green","11":"first","12":"instock","13":"shipping-taxable","14":"purchasable","15":"product-type-simple"},"aioseo_notices":[],"_links":{"self":[{"href":"https:\/\/mueblesitalianos.com\/site\/wp-json\/wp\/v2\/product\/3605","targetHints":{"allow":["GET"]}}],"collection":[{"href":"https:\/\/mueblesitalianos.com\/site\/wp-json\/wp\/v2\/product"}],"about":[{"href":"https:\/\/mueblesitalianos.com\/site\/wp-json\/wp\/v2\/types\/product"}],"wp:featuredmedia":[{"embeddable":true,"href":"https:\/\/mueblesitalianos.com\/site\/wp-json\/wp\/v2\/media\/3714"}],"wp:attachment":[{"href":"https:\/\/mueblesitalianos.com\/site\/wp-json\/wp\/v2\/media?parent=3605"}],"wp:term":[{"taxonomy":"product_cat","embeddable":true,"href":"https:\/\/mueblesitalianos.com\/site\/wp-json\/wp\/v2\/product_cat?post=3605"},{"taxonomy":"product_tag","embeddable":true,"href":"https:\/\/mueblesitalianos.com\/site\/wp-json\/wp\/v2\/product_tag?post=3605"}],"curies":[{"name":"wp","href":"https:\/\/api.w.org\/{rel}","templated":true}]}}