{"id":3616,"date":"2023-11-03T15:23:45","date_gmt":"2023-11-03T15:23:45","guid":{"rendered":"https:\/\/mueblesitalianos.com\/site\/?post_type=product&#038;p=3616"},"modified":"2023-11-04T14:31:10","modified_gmt":"2023-11-04T14:31:10","slug":"pot-threebu","status":"publish","type":"product","link":"https:\/\/mueblesitalianos.com\/site\/producto\/pot-threebu\/","title":{"rendered":"Pot THREEBU"},"content":{"rendered":"<p>45x45x45cm<\/p>\n<p>A partir de la contaminaci\u00f3n con el arte africano, Marcantonio dise\u00f1a Threeb\u00f9 Party, el portabotellas contempor\u00e1neo e ir\u00f3nico.\u00a0Con sus tres caras diferenciadas, Threeb\u00f9 Party es ideal para dar un toque de personalidad a ambientes interiores y exteriores.\u00a0Disponible en la versi\u00f3n est\u00e1ndar, en los nuevos colores del biopl\u00e1stico, material derivado de la ca\u00f1a de az\u00facar, y en la versi\u00f3n luminosa.\u00a0Threeb\u00f9 Party forma parte de la l\u00ednea Threeb\u00f9 junto con la versi\u00f3n taburete\/mesa, jarr\u00f3n, Threeb\u00f9 Pot y l\u00e1mpara de pie Threeb\u00f9 Totem.\u00a0Junto con los asientos Kroko y Big Kroko forma la colecci\u00f3n Afrika.<\/p>\n","protected":false},"excerpt":{"rendered":"<p>45x45x45cm A partir de la contaminaci\u00f3n con el arte africano, Marcantonio dise\u00f1a Threeb\u00f9 Party, el portabotellas contempor\u00e1neo e ir\u00f3nico.\u00a0Con sus tres caras diferenciadas, Threeb\u00f9 Party es ideal para dar un toque de personalidad a ambientes interiores y exteriores.\u00a0Disponible en la versi\u00f3n est\u00e1ndar, en los nuevos colores del biopl\u00e1stico, material derivado de la ca\u00f1a de az\u00facar, [&hellip;]<\/p>\n","protected":false},"featured_media":3713,"template":"","meta":{"_joinchat":[]},"product_cat":[17],"product_tag":[],"class_list":{"0":"post-3616","1":"product","2":"type-product","3":"status-publish","4":"has-post-thumbnail","6":"product_cat-slide-collection","7":"pa_color-argil-grey","8":"pa_color-light-white","10":"first","11":"instock","12":"shipping-taxable","13":"purchasable","14":"product-type-simple"},"aioseo_notices":[],"_links":{"self":[{"href":"https:\/\/mueblesitalianos.com\/site\/wp-json\/wp\/v2\/product\/3616","targetHints":{"allow":["GET"]}}],"collection":[{"href":"https:\/\/mueblesitalianos.com\/site\/wp-json\/wp\/v2\/product"}],"about":[{"href":"https:\/\/mueblesitalianos.com\/site\/wp-json\/wp\/v2\/types\/product"}],"wp:featuredmedia":[{"embeddable":true,"href":"https:\/\/mueblesitalianos.com\/site\/wp-json\/wp\/v2\/media\/3713"}],"wp:attachment":[{"href":"https:\/\/mueblesitalianos.com\/site\/wp-json\/wp\/v2\/media?parent=3616"}],"wp:term":[{"taxonomy":"product_cat","embeddable":true,"href":"https:\/\/mueblesitalianos.com\/site\/wp-json\/wp\/v2\/product_cat?post=3616"},{"taxonomy":"product_tag","embeddable":true,"href":"https:\/\/mueblesitalianos.com\/site\/wp-json\/wp\/v2\/product_tag?post=3616"}],"curies":[{"name":"wp","href":"https:\/\/api.w.org\/{rel}","templated":true}]}}