{"id":3718,"date":"2023-11-04T08:48:56","date_gmt":"2023-11-04T08:48:56","guid":{"rendered":"https:\/\/mueblesitalianos.com\/site\/?post_type=product&#038;p=3718"},"modified":"2023-11-06T16:01:00","modified_gmt":"2023-11-06T16:01:00","slug":"sweet-goldbrothers-bob","status":"publish","type":"product","link":"https:\/\/mueblesitalianos.com\/site\/producto\/sweet-goldbrothers-bob\/","title":{"rendered":"Sweet GoldBrothers BOB"},"content":{"rendered":"<p>Este Golden Brothers se llama Bob.<\/p>\n<p>Dise\u00f1adas por Stefano Giovannoni, los Golden Brothers son una familia de personajes-l\u00e1mpara que, reflejando una luz suave sobre su cuerpo, realzan la plasticidad y fluidez de su silueta.<br \/>\nLos Golden Brothers, asumiendo diferentes posturas, crean un paisaje animado que caracteriza la mesa y cada rinc\u00f3n de la casa.<br \/>\nEsta familia de l\u00e1mparas LED que funcionan con bater\u00edas recargables est\u00e1 equipada con un interruptor de tacto suave.<\/p>\n","protected":false},"excerpt":{"rendered":"<p>Este Golden Brothers se llama Bob. Dise\u00f1adas por Stefano Giovannoni, los Golden Brothers son una familia de personajes-l\u00e1mpara que, reflejando una luz suave sobre su cuerpo, realzan la plasticidad y fluidez de su silueta. Los Golden Brothers, asumiendo diferentes posturas, crean un paisaje animado que caracteriza la mesa y cada rinc\u00f3n de la casa. Esta [&hellip;]<\/p>\n","protected":false},"featured_media":3735,"template":"","meta":{"_joinchat":[]},"product_cat":[93],"product_tag":[],"class_list":{"0":"post-3718","1":"product","2":"type-product","3":"status-publish","4":"has-post-thumbnail","6":"product_cat-qeeboo","8":"first","9":"instock","10":"shipping-taxable","11":"purchasable","12":"product-type-simple"},"aioseo_notices":[],"_links":{"self":[{"href":"https:\/\/mueblesitalianos.com\/site\/wp-json\/wp\/v2\/product\/3718","targetHints":{"allow":["GET"]}}],"collection":[{"href":"https:\/\/mueblesitalianos.com\/site\/wp-json\/wp\/v2\/product"}],"about":[{"href":"https:\/\/mueblesitalianos.com\/site\/wp-json\/wp\/v2\/types\/product"}],"wp:featuredmedia":[{"embeddable":true,"href":"https:\/\/mueblesitalianos.com\/site\/wp-json\/wp\/v2\/media\/3735"}],"wp:attachment":[{"href":"https:\/\/mueblesitalianos.com\/site\/wp-json\/wp\/v2\/media?parent=3718"}],"wp:term":[{"taxonomy":"product_cat","embeddable":true,"href":"https:\/\/mueblesitalianos.com\/site\/wp-json\/wp\/v2\/product_cat?post=3718"},{"taxonomy":"product_tag","embeddable":true,"href":"https:\/\/mueblesitalianos.com\/site\/wp-json\/wp\/v2\/product_tag?post=3718"}],"curies":[{"name":"wp","href":"https:\/\/api.w.org\/{rel}","templated":true}]}}