{"id":3727,"date":"2023-11-04T08:55:22","date_gmt":"2023-11-04T08:55:22","guid":{"rendered":"https:\/\/mueblesitalianos.com\/site\/?post_type=product&#038;p=3727"},"modified":"2023-11-06T16:08:10","modified_gmt":"2023-11-06T16:08:10","slug":"teddy-boy-gold","status":"publish","type":"product","link":"https:\/\/mueblesitalianos.com\/site\/producto\/teddy-boy-gold\/","title":{"rendered":"Teddy Boy Gold"},"content":{"rendered":"<p><span lang=\"EN-US\">Dise\u00f1ada por Stefano Giovannoni con la apariencia de un osito de peluche original, Teddy Boy es una l\u00e1mpara de mesa que hace un gui\u00f1o al juguete tradicional\u00a0<\/span><span lang=\"EN-US\">con una actitud irreverente que mezcla los rasgos del osito con rasgos \u201ccasi humanos\u201d.\u00a0Cuenta con un revestimiento met\u00e1lico especial que enriquece la superficie sin interferir con la luz.\u00a0<\/span><span lang=\"EN-US\">Irriverente y glamuroso, es el siguiente elemento en la lista de deseos de todo adicto al dise\u00f1o.\u00a0<\/span><\/p>\n","protected":false},"excerpt":{"rendered":"<p>Dise\u00f1ada por Stefano Giovannoni con la apariencia de un osito de peluche original, Teddy Boy es una l\u00e1mpara de mesa que hace un gui\u00f1o al juguete tradicional\u00a0con una actitud irreverente que mezcla los rasgos del osito con rasgos \u201ccasi humanos\u201d.\u00a0Cuenta con un revestimiento met\u00e1lico especial que enriquece la superficie sin interferir con la luz.\u00a0Irriverente y [&hellip;]<\/p>\n","protected":false},"featured_media":3762,"template":"","meta":{"_joinchat":[]},"product_cat":[93],"product_tag":[],"class_list":{"0":"post-3727","1":"product","2":"type-product","3":"status-publish","4":"has-post-thumbnail","6":"product_cat-qeeboo","8":"first","9":"instock","10":"shipping-taxable","11":"purchasable","12":"product-type-simple"},"aioseo_notices":[],"_links":{"self":[{"href":"https:\/\/mueblesitalianos.com\/site\/wp-json\/wp\/v2\/product\/3727","targetHints":{"allow":["GET"]}}],"collection":[{"href":"https:\/\/mueblesitalianos.com\/site\/wp-json\/wp\/v2\/product"}],"about":[{"href":"https:\/\/mueblesitalianos.com\/site\/wp-json\/wp\/v2\/types\/product"}],"wp:featuredmedia":[{"embeddable":true,"href":"https:\/\/mueblesitalianos.com\/site\/wp-json\/wp\/v2\/media\/3762"}],"wp:attachment":[{"href":"https:\/\/mueblesitalianos.com\/site\/wp-json\/wp\/v2\/media?parent=3727"}],"wp:term":[{"taxonomy":"product_cat","embeddable":true,"href":"https:\/\/mueblesitalianos.com\/site\/wp-json\/wp\/v2\/product_cat?post=3727"},{"taxonomy":"product_tag","embeddable":true,"href":"https:\/\/mueblesitalianos.com\/site\/wp-json\/wp\/v2\/product_tag?post=3727"}],"curies":[{"name":"wp","href":"https:\/\/api.w.org\/{rel}","templated":true}]}}