{"id":3778,"date":"2023-11-06T17:24:53","date_gmt":"2023-11-06T17:24:53","guid":{"rendered":"https:\/\/mueblesitalianos.com\/site\/?post_type=product&#038;p=3778"},"modified":"2023-11-06T17:28:33","modified_gmt":"2023-11-06T17:28:33","slug":"mesita-amerigo-brass","status":"publish","type":"product","link":"https:\/\/mueblesitalianos.com\/site\/producto\/mesita-amerigo-brass\/","title":{"rendered":"MESITA AMERIGO brass"},"content":{"rendered":"<p>Las\u00a0<strong>mesitas redondas modernas<\/strong>\u00a0<b>Amerigo<\/b>\u00a0realzan una\u00a0<strong>sala de estar de dise\u00f1o<\/strong>\u00a0con un estilo lineal y, al mismo tiempo, refinado. Compuestas por dos simples formas superpuestas, estas\u00a0<strong>mesitas de dise\u00f1o<\/strong>\u00a0encuentran su m\u00e1xima expresi\u00f3n si se las coloca juntas, siendo de diferentes alturas y tama\u00f1os. El juego de sobres redondos, en varios niveles, brinda dinamismo a un ambiento decorado con sobria elegancia, donde las\u00a0<strong>mesitas modernas de metal<\/strong>\u00a0se convierten en protagonistas. Giorgio Cattelan dise\u00f1a una base ic\u00f3nica de acero, de apariencia maciza que, sin embargo, presenta un corte esbelto y una luminosidad que hacen de Amerigo una elegante\u00a0<strong>mesita para sala de estar de dise\u00f1o<\/strong>. El sobre de metal se embellece por el acabado Brushed, realizado a mano, que brinda un efecto material y distinguido.<\/p>\n<p>gofrado titanio &#8211; sobre brushed<br \/>\nbrass<\/p>\n","protected":false},"excerpt":{"rendered":"<p>MESITA AMERIGO \u00f895x38h base GFM11gofrado titanio &#8211; sobre brushed brass duetto<\/p>\n","protected":false},"featured_media":3779,"template":"","meta":{"_joinchat":[]},"product_cat":[21],"product_tag":[],"class_list":{"0":"post-3778","1":"product","2":"type-product","3":"status-publish","4":"has-post-thumbnail","6":"product_cat-cattelan-italia-collection","8":"first","9":"instock","10":"shipping-taxable","11":"purchasable","12":"product-type-simple"},"aioseo_notices":[],"_links":{"self":[{"href":"https:\/\/mueblesitalianos.com\/site\/wp-json\/wp\/v2\/product\/3778","targetHints":{"allow":["GET"]}}],"collection":[{"href":"https:\/\/mueblesitalianos.com\/site\/wp-json\/wp\/v2\/product"}],"about":[{"href":"https:\/\/mueblesitalianos.com\/site\/wp-json\/wp\/v2\/types\/product"}],"wp:featuredmedia":[{"embeddable":true,"href":"https:\/\/mueblesitalianos.com\/site\/wp-json\/wp\/v2\/media\/3779"}],"wp:attachment":[{"href":"https:\/\/mueblesitalianos.com\/site\/wp-json\/wp\/v2\/media?parent=3778"}],"wp:term":[{"taxonomy":"product_cat","embeddable":true,"href":"https:\/\/mueblesitalianos.com\/site\/wp-json\/wp\/v2\/product_cat?post=3778"},{"taxonomy":"product_tag","embeddable":true,"href":"https:\/\/mueblesitalianos.com\/site\/wp-json\/wp\/v2\/product_tag?post=3778"}],"curies":[{"name":"wp","href":"https:\/\/api.w.org\/{rel}","templated":true}]}}