{"id":3829,"date":"2024-04-05T20:29:13","date_gmt":"2024-04-05T20:29:13","guid":{"rendered":"https:\/\/mueblesitalianos.com\/site\/?post_type=product&#038;p=3829"},"modified":"2024-04-05T20:29:34","modified_gmt":"2024-04-05T20:29:34","slug":"sofa-boston","status":"publish","type":"product","link":"https:\/\/mueblesitalianos.com\/site\/producto\/sofa-boston\/","title":{"rendered":"Sof\u00e1 Bost\u00f3n"},"content":{"rendered":"<p>SOFA BOSTON, 290 * 100 * 67H CMTS. TERCIPELO GRIS OSCURO<br \/>\nDigno, con su combinaci\u00f3n armoniosa de caracter\u00edsticas tradicionales y contempor\u00e1neas, Boston agrega car\u00e1cter a cualquier habitaci\u00f3n. Los grandes cojines definen un dise\u00f1o lineal y refinado con una forma que tiende al cuadrado. El respaldo puede ser liso y desenfundable o tapizado con botones profundos, una preciosa t\u00e9cnica artesanal realizada por maestros tapiceros. La base consta de patas altas de metal bru\u00f1ido mate. Est\u00e1n disponibles m\u00f3dulos lineales, laterales, esquineros y pen\u00ednsula, adem\u00e1s de chaise longue, sill\u00f3n y otomana.<\/p>\n","protected":false},"excerpt":{"rendered":"<p>SOFA BOSTON, 290 * 100 * 67H CMTS. TERCIPELO GRIS OSCURO<br \/>\nDigno, con su combinaci\u00f3n armoniosa de caracter\u00edsticas tradicionales y contempor\u00e1neas, Boston agrega car\u00e1cter a cualquier habitaci\u00f3n. Los grandes cojines definen un dise\u00f1o lineal y refinado con una forma que tiende al cuadrado.<\/p>\n","protected":false},"featured_media":3831,"template":"","meta":{"_joinchat":[]},"product_cat":[18],"product_tag":[],"class_list":{"0":"post-3829","1":"product","2":"type-product","3":"status-publish","4":"has-post-thumbnail","6":"product_cat-pianca-collection","8":"first","9":"instock","10":"shipping-taxable","11":"purchasable","12":"product-type-simple"},"aioseo_notices":[],"_links":{"self":[{"href":"https:\/\/mueblesitalianos.com\/site\/wp-json\/wp\/v2\/product\/3829","targetHints":{"allow":["GET"]}}],"collection":[{"href":"https:\/\/mueblesitalianos.com\/site\/wp-json\/wp\/v2\/product"}],"about":[{"href":"https:\/\/mueblesitalianos.com\/site\/wp-json\/wp\/v2\/types\/product"}],"wp:featuredmedia":[{"embeddable":true,"href":"https:\/\/mueblesitalianos.com\/site\/wp-json\/wp\/v2\/media\/3831"}],"wp:attachment":[{"href":"https:\/\/mueblesitalianos.com\/site\/wp-json\/wp\/v2\/media?parent=3829"}],"wp:term":[{"taxonomy":"product_cat","embeddable":true,"href":"https:\/\/mueblesitalianos.com\/site\/wp-json\/wp\/v2\/product_cat?post=3829"},{"taxonomy":"product_tag","embeddable":true,"href":"https:\/\/mueblesitalianos.com\/site\/wp-json\/wp\/v2\/product_tag?post=3829"}],"curies":[{"name":"wp","href":"https:\/\/api.w.org\/{rel}","templated":true}]}}