{"id":3833,"date":"2024-04-05T20:35:41","date_gmt":"2024-04-05T20:35:41","guid":{"rendered":"https:\/\/mueblesitalianos.com\/site\/?post_type=product&#038;p=3833"},"modified":"2024-04-05T20:37:04","modified_gmt":"2024-04-05T20:37:04","slug":"sofa-eden","status":"publish","type":"product","link":"https:\/\/mueblesitalianos.com\/site\/producto\/sofa-eden\/","title":{"rendered":"Sof\u00e1 Eden"},"content":{"rendered":"<p>230 * 90 *73H CMTS, TERCIOPELO COLOR GRIS<br \/>\nUna actitud l\u00fadica, moderna y vers\u00e1til: Eden rompe con la tradici\u00f3n. Acolchado \u00edntegramente con espuma de poliuretano en diferentes zonas de densidad, ofrece un asiento resistente pero c\u00f3modo. Como no hay estructuras r\u00edgidas, este sof\u00e1 es ligero y din\u00e1mico. Los m\u00f3dulos se mantienen unidos simplemente mediante cremalleras y correas, mientras que una base de tejido t\u00e9cnico garantiza una excelente adherencia al suelo. Una gruesa costura recorre los bordes del revestimiento, realzando los suaves vol\u00famenes de este modelo. Est\u00e1n disponibles m\u00f3dulos lineales y laterales, as\u00ed como un sill\u00f3n, una chaise longue y un puf.<\/p>\n","protected":false},"excerpt":{"rendered":"<p>230 * 90 *73H CMTS, TERCIOPELO COLOR GRIS<br \/>\nUna actitud l\u00fadica, moderna y vers\u00e1til: Eden rompe con la tradici\u00f3n. Acolchado \u00edntegramente con espuma de poliuretano en diferentes zonas de densidad, ofrece un asiento resistente pero c\u00f3modo.<\/p>\n","protected":false},"featured_media":3836,"template":"","meta":{"_joinchat":[]},"product_cat":[18],"product_tag":[],"class_list":{"0":"post-3833","1":"product","2":"type-product","3":"status-publish","4":"has-post-thumbnail","6":"product_cat-pianca-collection","8":"first","9":"instock","10":"shipping-taxable","11":"purchasable","12":"product-type-simple"},"aioseo_notices":[],"_links":{"self":[{"href":"https:\/\/mueblesitalianos.com\/site\/wp-json\/wp\/v2\/product\/3833","targetHints":{"allow":["GET"]}}],"collection":[{"href":"https:\/\/mueblesitalianos.com\/site\/wp-json\/wp\/v2\/product"}],"about":[{"href":"https:\/\/mueblesitalianos.com\/site\/wp-json\/wp\/v2\/types\/product"}],"wp:featuredmedia":[{"embeddable":true,"href":"https:\/\/mueblesitalianos.com\/site\/wp-json\/wp\/v2\/media\/3836"}],"wp:attachment":[{"href":"https:\/\/mueblesitalianos.com\/site\/wp-json\/wp\/v2\/media?parent=3833"}],"wp:term":[{"taxonomy":"product_cat","embeddable":true,"href":"https:\/\/mueblesitalianos.com\/site\/wp-json\/wp\/v2\/product_cat?post=3833"},{"taxonomy":"product_tag","embeddable":true,"href":"https:\/\/mueblesitalianos.com\/site\/wp-json\/wp\/v2\/product_tag?post=3833"}],"curies":[{"name":"wp","href":"https:\/\/api.w.org\/{rel}","templated":true}]}}