{"id":3842,"date":"2024-04-05T20:53:04","date_gmt":"2024-04-05T20:53:04","guid":{"rendered":"https:\/\/mueblesitalianos.com\/site\/?post_type=product&#038;p=3842"},"modified":"2024-04-05T20:54:49","modified_gmt":"2024-04-05T20:54:49","slug":"sofa-oltremare","status":"publish","type":"product","link":"https:\/\/mueblesitalianos.com\/site\/producto\/sofa-oltremare\/","title":{"rendered":"SOFA OLTREMARE"},"content":{"rendered":"<p>225 * 83 * 85H CMTS, TERCIOPELO BEIGE<\/p>\n<p>La colecci\u00f3n de asientos \u00abOltremare\u00bb dise\u00f1ada por Antonio Marras y realizada en colaboraci\u00f3n con Saba proviene de un lugar y un pasado lejanos, ricos en historia, memoria y recuerdos llenos de sugestiones y visiones. As\u00ed es como Antonio Marras nos ha presentado un objeto que \u00e9l define como un \u00eddolo sagrado, que habla de su tierra, de su mar, pero sobre todo de su historia. Lo llamamos Oltremare, porque todas las cosas tienen un alma y cada alma tiene un nombre.<\/p>\n<p>Oltremare encierra entre sus ensenadas lo cl\u00e1sico y lo moderno. La curva es una l\u00ednea que se puede domar: crea una ola, un recoveco, crea un lugar, pero tambi\u00e9n ofrece una v\u00eda de escape. Hemos investigado en nuestro imaginario la relaci\u00f3n entre la l\u00ednea curva y el acto de sentarse, dise\u00f1ando curvas asim\u00e9tricas que se convierten en respaldos y abrazan asientos comod\u00edsimos. Las curvas asim\u00e9tricas que lo rodean sirven de inspiraci\u00f3n para el sill\u00f3n Oltremare, que completa la colecci\u00f3n junto con el banco acolchado. Un c\u00f3modo nido suspendido sobre una estilizada base de metal pintada cuyas l\u00edneas esenciales hacen por contraste que la silueta resulte a\u00fan m\u00e1s interesante. Oltremare es un sistema de asientos que, mientras hace un gui\u00f1o al pasado, comunica un fuerte esp\u00edritu contempor\u00e1neo y se presta a diferentes interpretaciones y cambios. Completamente desenfundable.<\/p>\n","protected":false},"excerpt":{"rendered":"<p>225 * 83 * 85H CMTS, TERCIOPELO BEIGE<\/p>\n<p>La colecci\u00f3n de asientos \u00abOltremare\u00bb dise\u00f1ada por Antonio Marras y realizada en colaboraci\u00f3n con Saba proviene de un lugar y un pasado lejanos, ricos en historia, memoria y recuerdos llenos de sugestiones y visiones.<\/p>\n","protected":false},"featured_media":3843,"template":"","meta":{"_joinchat":[]},"product_cat":[19],"product_tag":[],"class_list":{"0":"post-3842","1":"product","2":"type-product","3":"status-publish","4":"has-post-thumbnail","6":"product_cat-saba-collection","8":"first","9":"instock","10":"shipping-taxable","11":"purchasable","12":"product-type-simple"},"aioseo_notices":[],"_links":{"self":[{"href":"https:\/\/mueblesitalianos.com\/site\/wp-json\/wp\/v2\/product\/3842","targetHints":{"allow":["GET"]}}],"collection":[{"href":"https:\/\/mueblesitalianos.com\/site\/wp-json\/wp\/v2\/product"}],"about":[{"href":"https:\/\/mueblesitalianos.com\/site\/wp-json\/wp\/v2\/types\/product"}],"wp:featuredmedia":[{"embeddable":true,"href":"https:\/\/mueblesitalianos.com\/site\/wp-json\/wp\/v2\/media\/3843"}],"wp:attachment":[{"href":"https:\/\/mueblesitalianos.com\/site\/wp-json\/wp\/v2\/media?parent=3842"}],"wp:term":[{"taxonomy":"product_cat","embeddable":true,"href":"https:\/\/mueblesitalianos.com\/site\/wp-json\/wp\/v2\/product_cat?post=3842"},{"taxonomy":"product_tag","embeddable":true,"href":"https:\/\/mueblesitalianos.com\/site\/wp-json\/wp\/v2\/product_tag?post=3842"}],"curies":[{"name":"wp","href":"https:\/\/api.w.org\/{rel}","templated":true}]}}