{"id":3850,"date":"2024-04-08T19:00:15","date_gmt":"2024-04-08T19:00:15","guid":{"rendered":"https:\/\/mueblesitalianos.com\/site\/?post_type=product&#038;p=3850"},"modified":"2024-04-08T19:01:34","modified_gmt":"2024-04-08T19:01:34","slug":"escritorio-nasdaq-negro","status":"publish","type":"product","link":"https:\/\/mueblesitalianos.com\/site\/producto\/escritorio-nasdaq-negro\/","title":{"rendered":"ESCRITORIO NASDAQ NEGRO"},"content":{"rendered":"<p>ESCRITORIO NASDAQ KERAMIK, 176\/200 * 100 * 75H CMTS, BASE BRONCE SATINADO, TOP KERAMIK NOIR SAHARA.<br \/>\nEl escritorio Nasdaq de la marca Cattelan Italia tiene un dise\u00f1o ic\u00f3nico que combina formas geom\u00e9tricas y materiales de lujo para crear un mueble con efecto monol\u00edtico. La estructura est\u00e1 elaborada en madera de nogal o roble que se combina en color con los cajones, el cual se encuentra apoyado sobre la pata de acero y parece desaf\u00edar la gravedad.<\/p>\n","protected":false},"excerpt":{"rendered":"<p>El escritorio Nasdaq de la marca Cattelan Italia tiene un dise\u00f1o ic\u00f3nico que combina formas geom\u00e9tricas y materiales de lujo para crear un mueble con efecto monol\u00edtico.<\/p>\n","protected":false},"featured_media":3853,"template":"","meta":{"_joinchat":[]},"product_cat":[21],"product_tag":[],"class_list":{"0":"post-3850","1":"product","2":"type-product","3":"status-publish","4":"has-post-thumbnail","6":"product_cat-cattelan-italia-collection","8":"first","9":"instock","10":"shipping-taxable","11":"purchasable","12":"product-type-simple"},"aioseo_notices":[],"_links":{"self":[{"href":"https:\/\/mueblesitalianos.com\/site\/wp-json\/wp\/v2\/product\/3850","targetHints":{"allow":["GET"]}}],"collection":[{"href":"https:\/\/mueblesitalianos.com\/site\/wp-json\/wp\/v2\/product"}],"about":[{"href":"https:\/\/mueblesitalianos.com\/site\/wp-json\/wp\/v2\/types\/product"}],"wp:featuredmedia":[{"embeddable":true,"href":"https:\/\/mueblesitalianos.com\/site\/wp-json\/wp\/v2\/media\/3853"}],"wp:attachment":[{"href":"https:\/\/mueblesitalianos.com\/site\/wp-json\/wp\/v2\/media?parent=3850"}],"wp:term":[{"taxonomy":"product_cat","embeddable":true,"href":"https:\/\/mueblesitalianos.com\/site\/wp-json\/wp\/v2\/product_cat?post=3850"},{"taxonomy":"product_tag","embeddable":true,"href":"https:\/\/mueblesitalianos.com\/site\/wp-json\/wp\/v2\/product_tag?post=3850"}],"curies":[{"name":"wp","href":"https:\/\/api.w.org\/{rel}","templated":true}]}}