{"id":3855,"date":"2024-04-08T19:16:38","date_gmt":"2024-04-08T19:16:38","guid":{"rendered":"https:\/\/mueblesitalianos.com\/site\/?post_type=product&#038;p=3855"},"modified":"2024-04-08T19:17:48","modified_gmt":"2024-04-08T19:17:48","slug":"mesa-de-comedor-atrium-keramik","status":"publish","type":"product","link":"https:\/\/mueblesitalianos.com\/site\/producto\/mesa-de-comedor-atrium-keramik\/","title":{"rendered":"MESA DE COMEDOR ATRIUM KERAMIK"},"content":{"rendered":"<p>MESA DE COMEDOR, ATRIUM KERAMIK, 300*120. BASE CRISTAL REFLEJADO FUME<br \/>\nLa familia de mesas Atrium cuenta con numerosas versiones, para satisfacer las m\u00e1s variadas necesidades est\u00e9ticas, con el mejor mobiliario para un comedor moderno. La base central est\u00e1 constituida por dos placas de cristal espejado couture, realizadas con refinadas t\u00e9cnicas. La mesa crea un juego de luces difusas, donde se reflejan los objetos y las fuentes de luz alrededor. El cristal est\u00e1 modelado con una t\u00e9cnica sin precedentes, que permite dar a la superficie un efecto tridimensional, como una colchadura en un tejido. Los sobres de las mesas de la l\u00ednea Atrium var\u00edan de la madera, a la cer\u00e1mica, y a mesas redondas de madera y cer\u00e1mica combinadas. Las numerosas y cautivadoras versiones disponibles son: Atrium Keramik, Atrium Keramik Premium, Atrium Keramik Round, Atrium Keramik Premium Round, Atrium Ker-Wood Round, Atrium Wood y Atrium Wood Round.Completa la familia la espectacular, as\u00ed como funcional, consola de cer\u00e1mica Atrium Keramik<\/p>\n","protected":false},"excerpt":{"rendered":"<p>MESA DE COMEDOR ATRIUM KERAMIK 300 CMTS<br \/>\nLa familia de mesas Atrium cuenta con numerosas versiones, para satisfacer las m\u00e1s variadas necesidades est\u00e9ticas, con el mejor mobiliario para un comedor moderno. La base central est\u00e1 constituida por dos placas de cristal espejado couture, realizadas con refinadas t\u00e9cnicas.<\/p>\n","protected":false},"featured_media":3856,"template":"","meta":{"_joinchat":[]},"product_cat":[21],"product_tag":[],"class_list":{"0":"post-3855","1":"product","2":"type-product","3":"status-publish","4":"has-post-thumbnail","6":"product_cat-cattelan-italia-collection","8":"first","9":"instock","10":"shipping-taxable","11":"purchasable","12":"product-type-simple"},"aioseo_notices":[],"_links":{"self":[{"href":"https:\/\/mueblesitalianos.com\/site\/wp-json\/wp\/v2\/product\/3855","targetHints":{"allow":["GET"]}}],"collection":[{"href":"https:\/\/mueblesitalianos.com\/site\/wp-json\/wp\/v2\/product"}],"about":[{"href":"https:\/\/mueblesitalianos.com\/site\/wp-json\/wp\/v2\/types\/product"}],"wp:featuredmedia":[{"embeddable":true,"href":"https:\/\/mueblesitalianos.com\/site\/wp-json\/wp\/v2\/media\/3856"}],"wp:attachment":[{"href":"https:\/\/mueblesitalianos.com\/site\/wp-json\/wp\/v2\/media?parent=3855"}],"wp:term":[{"taxonomy":"product_cat","embeddable":true,"href":"https:\/\/mueblesitalianos.com\/site\/wp-json\/wp\/v2\/product_cat?post=3855"},{"taxonomy":"product_tag","embeddable":true,"href":"https:\/\/mueblesitalianos.com\/site\/wp-json\/wp\/v2\/product_tag?post=3855"}],"curies":[{"name":"wp","href":"https:\/\/api.w.org\/{rel}","templated":true}]}}