{"id":3861,"date":"2024-04-08T19:25:17","date_gmt":"2024-04-08T19:25:17","guid":{"rendered":"https:\/\/mueblesitalianos.com\/site\/?post_type=product&#038;p=3861"},"modified":"2024-04-08T19:25:17","modified_gmt":"2024-04-08T19:25:17","slug":"mesa-de-comedor-elvis-keramik","status":"publish","type":"product","link":"https:\/\/mueblesitalianos.com\/site\/producto\/mesa-de-comedor-elvis-keramik\/","title":{"rendered":"MESA DE COMEDOR ELVIS KERAMIK"},"content":{"rendered":"<p>MESA ELVIS KERAMIK, 160*80*75H. BASE METAL GOFRADO GRAPHITE<br \/>\nLa familia de mesas modernas Elvis otorga a la comedor moderno un estilo contempor\u00e1neo y minimalista. Una huella de estilo esencial hace de esta mesa de dise\u00f1o un elemento de mobiliario que trasciende las barreras del tiempo. La base central de acero sostiene el sobre en las preciosas versiones disponibles. Elvis es una delicada mesa de vidrio. Elvis Keramik est\u00e1 realizada con sobre de cer\u00e1mica de diferentes tonalidades, desde las m\u00e1s oscuras e intensas a las m\u00e1s claras y delicadas. Elvis Wood es una mesa de madera cuyo sobre puede personalizarse con bordes de corte oblicuo o irregulares, para un efecto de apariencia m\u00e1s material y seductora. Mientras que Elvis Wood Drive es la versi\u00f3n de la mesa de madera extensible.<\/p>\n","protected":false},"excerpt":{"rendered":"<p>MESA ELVIS KERAMIK, 160*80*75H. BASE METAL GOFRADO GRAPHITE<br \/>\nLa familia de mesas modernas Elvis otorga a la comedor moderno un estilo contempor\u00e1neo y minimalista. Una huella de estilo esencial hace de esta mesa de dise\u00f1o un elemento de mobiliario que trasciende las barreras del tiempo.<\/p>\n","protected":false},"featured_media":3862,"template":"","meta":{"_joinchat":[]},"product_cat":[21],"product_tag":[],"class_list":{"0":"post-3861","1":"product","2":"type-product","3":"status-publish","4":"has-post-thumbnail","6":"product_cat-cattelan-italia-collection","8":"first","9":"instock","10":"shipping-taxable","11":"purchasable","12":"product-type-simple"},"aioseo_notices":[],"_links":{"self":[{"href":"https:\/\/mueblesitalianos.com\/site\/wp-json\/wp\/v2\/product\/3861","targetHints":{"allow":["GET"]}}],"collection":[{"href":"https:\/\/mueblesitalianos.com\/site\/wp-json\/wp\/v2\/product"}],"about":[{"href":"https:\/\/mueblesitalianos.com\/site\/wp-json\/wp\/v2\/types\/product"}],"wp:featuredmedia":[{"embeddable":true,"href":"https:\/\/mueblesitalianos.com\/site\/wp-json\/wp\/v2\/media\/3862"}],"wp:attachment":[{"href":"https:\/\/mueblesitalianos.com\/site\/wp-json\/wp\/v2\/media?parent=3861"}],"wp:term":[{"taxonomy":"product_cat","embeddable":true,"href":"https:\/\/mueblesitalianos.com\/site\/wp-json\/wp\/v2\/product_cat?post=3861"},{"taxonomy":"product_tag","embeddable":true,"href":"https:\/\/mueblesitalianos.com\/site\/wp-json\/wp\/v2\/product_tag?post=3861"}],"curies":[{"name":"wp","href":"https:\/\/api.w.org\/{rel}","templated":true}]}}