{"id":3866,"date":"2024-04-08T19:35:35","date_gmt":"2024-04-08T19:35:35","guid":{"rendered":"https:\/\/mueblesitalianos.com\/site\/?post_type=product&#038;p=3866"},"modified":"2024-04-08T19:35:36","modified_gmt":"2024-04-08T19:35:36","slug":"mesa-de-comedor-premier-200-cmts","status":"publish","type":"product","link":"https:\/\/mueblesitalianos.com\/site\/producto\/mesa-de-comedor-premier-200-cmts\/","title":{"rendered":"MESA DE COMEDOR PREMIER"},"content":{"rendered":"<p>MESA DE COMEDOR PREMIER 200 CMTS<br \/>\nLa mesa de comedor fija Premier Keramik de Cattelan Italia est\u00e1 dise\u00f1ada por Andrea Lucatello. Es un dise\u00f1o vanguardista que combina la solidez del acero con la elegancia del sobre porcel\u00e1nico montado sobre una base de vidrio que la confiere un dise\u00f1o realmente espectacular.<\/p>\n","protected":false},"excerpt":{"rendered":"<p>MESA DE COMEDOR PREMIER 200 CMTS<br \/>\nLa mesa de comedor fija Premier Keramik de Cattelan Italia est\u00e1 dise\u00f1ada por Andrea Lucatello. Es un dise\u00f1o vanguardista que combina la solidez del acero con la elegancia del sobre porcel\u00e1nico montado sobre una base de vidrio que la confiere un dise\u00f1o realmente espectacular.<\/p>\n","protected":false},"featured_media":3868,"template":"","meta":{"_joinchat":[]},"product_cat":[21],"product_tag":[],"class_list":{"0":"post-3866","1":"product","2":"type-product","3":"status-publish","4":"has-post-thumbnail","6":"product_cat-cattelan-italia-collection","8":"first","9":"instock","10":"shipping-taxable","11":"purchasable","12":"product-type-simple"},"aioseo_notices":[],"_links":{"self":[{"href":"https:\/\/mueblesitalianos.com\/site\/wp-json\/wp\/v2\/product\/3866","targetHints":{"allow":["GET"]}}],"collection":[{"href":"https:\/\/mueblesitalianos.com\/site\/wp-json\/wp\/v2\/product"}],"about":[{"href":"https:\/\/mueblesitalianos.com\/site\/wp-json\/wp\/v2\/types\/product"}],"wp:featuredmedia":[{"embeddable":true,"href":"https:\/\/mueblesitalianos.com\/site\/wp-json\/wp\/v2\/media\/3868"}],"wp:attachment":[{"href":"https:\/\/mueblesitalianos.com\/site\/wp-json\/wp\/v2\/media?parent=3866"}],"wp:term":[{"taxonomy":"product_cat","embeddable":true,"href":"https:\/\/mueblesitalianos.com\/site\/wp-json\/wp\/v2\/product_cat?post=3866"},{"taxonomy":"product_tag","embeddable":true,"href":"https:\/\/mueblesitalianos.com\/site\/wp-json\/wp\/v2\/product_tag?post=3866"}],"curies":[{"name":"wp","href":"https:\/\/api.w.org\/{rel}","templated":true}]}}