{"id":3870,"date":"2024-04-08T19:50:51","date_gmt":"2024-04-08T19:50:51","guid":{"rendered":"https:\/\/mueblesitalianos.com\/site\/?post_type=product&#038;p=3870"},"modified":"2024-04-08T19:52:33","modified_gmt":"2024-04-08T19:52:33","slug":"mesa-de-comedor-yoda-keramik-redonda","status":"publish","type":"product","link":"https:\/\/mueblesitalianos.com\/site\/producto\/mesa-de-comedor-yoda-keramik-redonda\/","title":{"rendered":"MESA DE COMEDOR YODA KERAMIK, REDONDA"},"content":{"rendered":"<p>MESA DE COMEDOR YODA KERAMIK, 158 DIAMETRO, 75H. BASE METAL TITANIO SATINADO. TOP<br \/>\nKERAMIK NEGRO SAHARA. KM09<br \/>\nUno de los modelos m\u00e1s apreciados entre las mesas redondas de comedor Cattelan Italia es la familia Yoda, compuesta por diferentes variantes, entre las cuales es posible escoger para personalizar su comedor de dise\u00f1o. La base est\u00e1 constituida por un tronco de cono central, cuyo aspecto macizo se ve aligerado gracias a los acabados metalizados y al acoplamiento con el sobre, delgado y por encastre, que evoca un largo y elegante cuello que sostiene el sobre de la mesa.<br \/>\nLa familia incluye la mesa redonda de vidrio Yoda y la versi\u00f3n con sobre de refinada madera Yoda Wood. Para los amantes del efecto material Yoda Keramik es la mesa de cer\u00e1mica redonda u ovalada, disponible en numerosas y atractivas opciones, que van desde los colores tenues a los m\u00e1s brillantes. La familia se completa con el modelo Yoda Argile, con sobre cepillado de arcilla, realizada en la versi\u00f3n redonda u ovalada, y de diferentes tonos tierra y naturales. Su aspecto org\u00e1nico y r\u00fastico es la evidencia del camino emprendido por la marca hacia un dise\u00f1o sostenible, derivado de materiales naturales y elaborado con t\u00e9cnicas de bajo impacto energ\u00e9tico.<\/p>\n","protected":false},"excerpt":{"rendered":"<p>MESA DE COMEDOR YODA KERAMIK, 158 DIAMETRO, 75H. BASE METAL TITANIO SATINADO. TOP KERAMIK NEGRO SAHARA. KM09<br \/>\nUno de los modelos m\u00e1s apreciados entre las mesas redondas de comedor Cattelan Italia es la familia Yoda, compuesta por diferentes variantes, entre las cuales es posible escoger para personalizar su comedor de dise\u00f1o.<\/p>\n","protected":false},"featured_media":3871,"template":"","meta":{"_joinchat":[]},"product_cat":[21],"product_tag":[],"class_list":{"0":"post-3870","1":"product","2":"type-product","3":"status-publish","4":"has-post-thumbnail","6":"product_cat-cattelan-italia-collection","8":"first","9":"instock","10":"shipping-taxable","11":"purchasable","12":"product-type-simple"},"aioseo_notices":[],"_links":{"self":[{"href":"https:\/\/mueblesitalianos.com\/site\/wp-json\/wp\/v2\/product\/3870","targetHints":{"allow":["GET"]}}],"collection":[{"href":"https:\/\/mueblesitalianos.com\/site\/wp-json\/wp\/v2\/product"}],"about":[{"href":"https:\/\/mueblesitalianos.com\/site\/wp-json\/wp\/v2\/types\/product"}],"wp:featuredmedia":[{"embeddable":true,"href":"https:\/\/mueblesitalianos.com\/site\/wp-json\/wp\/v2\/media\/3871"}],"wp:attachment":[{"href":"https:\/\/mueblesitalianos.com\/site\/wp-json\/wp\/v2\/media?parent=3870"}],"wp:term":[{"taxonomy":"product_cat","embeddable":true,"href":"https:\/\/mueblesitalianos.com\/site\/wp-json\/wp\/v2\/product_cat?post=3870"},{"taxonomy":"product_tag","embeddable":true,"href":"https:\/\/mueblesitalianos.com\/site\/wp-json\/wp\/v2\/product_tag?post=3870"}],"curies":[{"name":"wp","href":"https:\/\/api.w.org\/{rel}","templated":true}]}}