{"id":3879,"date":"2024-04-08T20:10:53","date_gmt":"2024-04-08T20:10:53","guid":{"rendered":"https:\/\/mueblesitalianos.com\/site\/?post_type=product&#038;p=3879"},"modified":"2024-04-08T20:21:15","modified_gmt":"2024-04-08T20:21:15","slug":"lampara-apollo-transparente","status":"publish","type":"product","link":"https:\/\/mueblesitalianos.com\/site\/producto\/lampara-apollo-transparente\/","title":{"rendered":"LAMPARA APOLLO TRANSPARENTE"},"content":{"rendered":"<p>LAMPARAS APOLLO , CAMBLE 4MT CRISTAL TRANPARENTE<br \/>\nUna composici\u00f3n din\u00e1mica de delicados globos que, colgados a media altura, brindan car\u00e1cter al ambiente, haciendo que sea \u00fanico. La l\u00e1mpara de techo de dise\u00f1o Apollo, creada por el dise\u00f1ador Oriano Favaretto, puede adoptar diferentes configuraciones de 2 a 16 esferas, cada una de las cuales es capaz de destacar las formas y los vol\u00famenes del mobiliario a su alrededor. Tambi\u00e9n el color de las pantallas de vidrio puede personalizarse para dar \u00e9nfasis a los tonos de la habitaci\u00f3n. En efecto, cada par de pantallas est\u00e1 formada por una esfera inferior transparente y otra superior pintada con tonalidades c\u00e1lidas y delicadas. Esta elegante l\u00e1mpara de techo moderna ilumina con gran originalidad para lograr un ambiente de dise\u00f1o contempor\u00e1neo sin igual.<\/p>\n","protected":false},"excerpt":{"rendered":"<p>LAMPARAS APOLLO , CAMBLE 4MT CRISTAL TRANPARENTE<br \/>\nUna composici\u00f3n din\u00e1mica de delicados globos que, colgados a media altura, brindan car\u00e1cter al ambiente, haciendo que sea \u00fanico. La l\u00e1mpara de techo de dise\u00f1o Apollo, creada por el dise\u00f1ador Oriano Favaretto, puede adoptar diferentes configuraciones de 2 a 16 esferas, cada una de las cuales es capaz de destacar las formas y los vol\u00famenes del mobiliario a su alrededor.<\/p>\n","protected":false},"featured_media":3880,"template":"","meta":{"_joinchat":[]},"product_cat":[21],"product_tag":[],"class_list":{"0":"post-3879","1":"product","2":"type-product","3":"status-publish","4":"has-post-thumbnail","6":"product_cat-cattelan-italia-collection","8":"first","9":"instock","10":"shipping-taxable","11":"purchasable","12":"product-type-simple"},"aioseo_notices":[],"_links":{"self":[{"href":"https:\/\/mueblesitalianos.com\/site\/wp-json\/wp\/v2\/product\/3879","targetHints":{"allow":["GET"]}}],"collection":[{"href":"https:\/\/mueblesitalianos.com\/site\/wp-json\/wp\/v2\/product"}],"about":[{"href":"https:\/\/mueblesitalianos.com\/site\/wp-json\/wp\/v2\/types\/product"}],"wp:featuredmedia":[{"embeddable":true,"href":"https:\/\/mueblesitalianos.com\/site\/wp-json\/wp\/v2\/media\/3880"}],"wp:attachment":[{"href":"https:\/\/mueblesitalianos.com\/site\/wp-json\/wp\/v2\/media?parent=3879"}],"wp:term":[{"taxonomy":"product_cat","embeddable":true,"href":"https:\/\/mueblesitalianos.com\/site\/wp-json\/wp\/v2\/product_cat?post=3879"},{"taxonomy":"product_tag","embeddable":true,"href":"https:\/\/mueblesitalianos.com\/site\/wp-json\/wp\/v2\/product_tag?post=3879"}],"curies":[{"name":"wp","href":"https:\/\/api.w.org\/{rel}","templated":true}]}}