{"id":3889,"date":"2024-04-08T22:31:25","date_gmt":"2024-04-08T22:31:25","guid":{"rendered":"https:\/\/mueblesitalianos.com\/site\/?post_type=product&#038;p=3889"},"modified":"2024-04-08T22:31:25","modified_gmt":"2024-04-08T22:31:25","slug":"bufetera-lavander","status":"publish","type":"product","link":"https:\/\/mueblesitalianos.com\/site\/producto\/bufetera-lavander\/","title":{"rendered":"BUFETERA LAVANDER"},"content":{"rendered":"<p>APARADOR LAVANDER,220X46X73H, ESTRUCTURA DE MADERA BRUSHED BRONCE<br \/>\nEl aparador moderno Lavander tiene una fuerte naturaleza tridimensional. La decoraci\u00f3n de las puertas realza el acabado lacado met\u00e1lico, creando un patr\u00f3n de luces y sombras n\u00edtidas. La superficie irregular pero sedosa produce una sensaci\u00f3n de satisfacci\u00f3n al pasar la mano por las puertas. Este moderno mueble debe su estilo sofisticado a la excelente fabricaci\u00f3n italiana que elabora detalles y acabados exquisitos. El gusto escult\u00f3rico de este elegante aparador est\u00e1 concebido para decorar espacios agradables de hogares, hoteles y restaurantes refinados.<\/p>\n","protected":false},"excerpt":{"rendered":"<p>APARADOR LAVANDER,220X46X73H, ESTRUCTURA DE MADERA BRUSHED BRONCE<br \/>\nEl aparador moderno Lavander tiene una fuerte naturaleza tridimensional. La decoraci\u00f3n de las puertas realza el acabado lacado met\u00e1lico, creando un patr\u00f3n de luces y sombras n\u00edtidas.<\/p>\n","protected":false},"featured_media":3893,"template":"","meta":{"_joinchat":[]},"product_cat":[21],"product_tag":[],"class_list":{"0":"post-3889","1":"product","2":"type-product","3":"status-publish","4":"has-post-thumbnail","6":"product_cat-cattelan-italia-collection","8":"first","9":"instock","10":"shipping-taxable","11":"purchasable","12":"product-type-simple"},"aioseo_notices":[],"_links":{"self":[{"href":"https:\/\/mueblesitalianos.com\/site\/wp-json\/wp\/v2\/product\/3889","targetHints":{"allow":["GET"]}}],"collection":[{"href":"https:\/\/mueblesitalianos.com\/site\/wp-json\/wp\/v2\/product"}],"about":[{"href":"https:\/\/mueblesitalianos.com\/site\/wp-json\/wp\/v2\/types\/product"}],"wp:featuredmedia":[{"embeddable":true,"href":"https:\/\/mueblesitalianos.com\/site\/wp-json\/wp\/v2\/media\/3893"}],"wp:attachment":[{"href":"https:\/\/mueblesitalianos.com\/site\/wp-json\/wp\/v2\/media?parent=3889"}],"wp:term":[{"taxonomy":"product_cat","embeddable":true,"href":"https:\/\/mueblesitalianos.com\/site\/wp-json\/wp\/v2\/product_cat?post=3889"},{"taxonomy":"product_tag","embeddable":true,"href":"https:\/\/mueblesitalianos.com\/site\/wp-json\/wp\/v2\/product_tag?post=3889"}],"curies":[{"name":"wp","href":"https:\/\/api.w.org\/{rel}","templated":true}]}}