{"id":3894,"date":"2024-04-09T18:38:54","date_gmt":"2024-04-09T18:38:54","guid":{"rendered":"https:\/\/mueblesitalianos.com\/site\/?post_type=product&#038;p=3894"},"modified":"2024-06-19T18:01:01","modified_gmt":"2024-06-19T18:01:01","slug":"sofa-gogan","status":"publish","type":"product","link":"https:\/\/mueblesitalianos.com\/site\/producto\/sofa-gogan\/","title":{"rendered":"Sof\u00e1 Gogan"},"content":{"rendered":"<p>Sof\u00e1 Gogan design de Patricia Urquiola por Moroso con estructura interna de madera y poliuretano expandido ign\u00edfugo de densidad diferenciada, revestido de fibra poli\u00e9ster y con tapicer\u00eda de tejido desenfundable.<\/p>\n<div id=\"rte\" class=\"rte more\">\n<p>La colecci\u00f3n Gogan, compuesta por asientos y mesas de centro, debe su nombre a las piedras japonesas, que inspiraron este proyecto. As\u00ed se llaman las piedras colocadas en r\u00edos y lagos para proteger y embellecer las orillas. El sof\u00e1 se caracteriza por formas suaves como las de las piedras blandas, esculpidas por el viento y el agua, masivas pero al mismo tiempo suaves, sobre las que poder descansar; como con las piedras, la estructura del sof\u00e1 parece permanecer en equilibrio en virtud de los encajes y de la posici\u00f3n de las formas que deben ser pesadas logran ser ligeras.<\/p>\n<\/div>\n","protected":false},"excerpt":{"rendered":"<p>Sof\u00e1 Gogan design de Patricia Urquiola por Moroso con estructura interna de madera y poliuretano expandido ign\u00edfugo de densidad diferenciada, revestido de fibra poli\u00e9ster y con tapicer\u00eda de tejido desenfundable.<\/p>\n","protected":false},"featured_media":3899,"template":"","meta":{"_joinchat":[]},"product_cat":[99],"product_tag":[],"class_list":{"0":"post-3894","1":"product","2":"type-product","3":"status-publish","4":"has-post-thumbnail","6":"product_cat-moroso","8":"first","9":"instock","10":"shipping-taxable","11":"purchasable","12":"product-type-simple"},"aioseo_notices":[],"_links":{"self":[{"href":"https:\/\/mueblesitalianos.com\/site\/wp-json\/wp\/v2\/product\/3894","targetHints":{"allow":["GET"]}}],"collection":[{"href":"https:\/\/mueblesitalianos.com\/site\/wp-json\/wp\/v2\/product"}],"about":[{"href":"https:\/\/mueblesitalianos.com\/site\/wp-json\/wp\/v2\/types\/product"}],"wp:featuredmedia":[{"embeddable":true,"href":"https:\/\/mueblesitalianos.com\/site\/wp-json\/wp\/v2\/media\/3899"}],"wp:attachment":[{"href":"https:\/\/mueblesitalianos.com\/site\/wp-json\/wp\/v2\/media?parent=3894"}],"wp:term":[{"taxonomy":"product_cat","embeddable":true,"href":"https:\/\/mueblesitalianos.com\/site\/wp-json\/wp\/v2\/product_cat?post=3894"},{"taxonomy":"product_tag","embeddable":true,"href":"https:\/\/mueblesitalianos.com\/site\/wp-json\/wp\/v2\/product_tag?post=3894"}],"curies":[{"name":"wp","href":"https:\/\/api.w.org\/{rel}","templated":true}]}}