{"id":3900,"date":"2024-04-09T18:57:45","date_gmt":"2024-04-09T18:57:45","guid":{"rendered":"https:\/\/mueblesitalianos.com\/site\/?post_type=product&#038;p=3900"},"modified":"2024-06-19T17:47:08","modified_gmt":"2024-06-19T17:47:08","slug":"butaka-take-a-line","status":"publish","type":"product","link":"https:\/\/mueblesitalianos.com\/site\/producto\/butaka-take-a-line\/","title":{"rendered":"Butaka Take a line Armchair"},"content":{"rendered":"<p>Coches, naves espaciales, sillas de mando del capit\u00e1n en el panel de control, una serie de referencias a mundos de fantas\u00eda de la infancia y desencadenantes emocionales de los recuerdos de los juegos jugados all\u00ed.\u00a0 Un caparaz\u00f3n envolvente, que reconforta y protege, un lugar para relajarse, descansar la cabeza, aislarse del mundo exterior.<\/p>\n<p>Dise\u00f1ada en 2002, la tumbona ha conservado su poder expresivo innato. Diez a\u00f1os despu\u00e9s, se encuentra tapizado con una cremallera que recorre todo su perfil y separa el exterior del interior. Por fuera todo es geometr\u00eda precisa y ordenada; Por dentro, es suavidad, colores brillantes y exuberantemente femenina.<\/p>\n","protected":false},"excerpt":{"rendered":"<p>Coches, naves espaciales, sillas de mando del capit\u00e1n en el panel de control, una serie de referencias a mundos de fantas\u00eda de la infancia y desencadenantes emocionales de los recuerdos de los juegos jugados all\u00ed.<\/p>\n","protected":false},"featured_media":3904,"template":"","meta":{"_joinchat":[]},"product_cat":[99],"product_tag":[],"class_list":{"0":"post-3900","1":"product","2":"type-product","3":"status-publish","4":"has-post-thumbnail","6":"product_cat-moroso","8":"first","9":"instock","10":"shipping-taxable","11":"purchasable","12":"product-type-simple"},"aioseo_notices":[],"_links":{"self":[{"href":"https:\/\/mueblesitalianos.com\/site\/wp-json\/wp\/v2\/product\/3900","targetHints":{"allow":["GET"]}}],"collection":[{"href":"https:\/\/mueblesitalianos.com\/site\/wp-json\/wp\/v2\/product"}],"about":[{"href":"https:\/\/mueblesitalianos.com\/site\/wp-json\/wp\/v2\/types\/product"}],"wp:featuredmedia":[{"embeddable":true,"href":"https:\/\/mueblesitalianos.com\/site\/wp-json\/wp\/v2\/media\/3904"}],"wp:attachment":[{"href":"https:\/\/mueblesitalianos.com\/site\/wp-json\/wp\/v2\/media?parent=3900"}],"wp:term":[{"taxonomy":"product_cat","embeddable":true,"href":"https:\/\/mueblesitalianos.com\/site\/wp-json\/wp\/v2\/product_cat?post=3900"},{"taxonomy":"product_tag","embeddable":true,"href":"https:\/\/mueblesitalianos.com\/site\/wp-json\/wp\/v2\/product_tag?post=3900"}],"curies":[{"name":"wp","href":"https:\/\/api.w.org\/{rel}","templated":true}]}}