{"id":3913,"date":"2024-04-09T19:34:53","date_gmt":"2024-04-09T19:34:53","guid":{"rendered":"https:\/\/mueblesitalianos.com\/site\/?post_type=product&#038;p=3913"},"modified":"2024-06-19T17:51:12","modified_gmt":"2024-06-19T17:51:12","slug":"mesa-de-centro-phoenix","status":"publish","type":"product","link":"https:\/\/mueblesitalianos.com\/site\/producto\/mesa-de-centro-phoenix\/","title":{"rendered":"Mesa de Centro Phoenix"},"content":{"rendered":"<p>La mesa de centro Phoenix introduce una nueva dimensi\u00f3n en su espacio vital. Dos mesas, que recuerdan a proyecciones bidimensionales de formas org\u00e1nicas, se deslizan y se superponen con gracia, dando como resultado una composici\u00f3n desigual pero armoniosa. El atractivo visual se ve realzado por la cuidadosa elecci\u00f3n de los materiales, creando una interacci\u00f3n cautivadora con el suelo circundante.<\/p>\n","protected":false},"excerpt":{"rendered":"<p>La mesa de centro Phoenix introduce una nueva dimensi\u00f3n en su espacio vital. Dos mesas, que recuerdan a proyecciones bidimensionales de formas org\u00e1nicas, se deslizan y se superponen con gracia, dando como resultado una composici\u00f3n desigual pero armoniosa.<\/p>\n","protected":false},"featured_media":3915,"template":"","meta":{"_joinchat":[]},"product_cat":[99],"product_tag":[],"class_list":{"0":"post-3913","1":"product","2":"type-product","3":"status-publish","4":"has-post-thumbnail","6":"product_cat-moroso","8":"first","9":"instock","10":"shipping-taxable","11":"purchasable","12":"product-type-simple"},"aioseo_notices":[],"_links":{"self":[{"href":"https:\/\/mueblesitalianos.com\/site\/wp-json\/wp\/v2\/product\/3913","targetHints":{"allow":["GET"]}}],"collection":[{"href":"https:\/\/mueblesitalianos.com\/site\/wp-json\/wp\/v2\/product"}],"about":[{"href":"https:\/\/mueblesitalianos.com\/site\/wp-json\/wp\/v2\/types\/product"}],"wp:featuredmedia":[{"embeddable":true,"href":"https:\/\/mueblesitalianos.com\/site\/wp-json\/wp\/v2\/media\/3915"}],"wp:attachment":[{"href":"https:\/\/mueblesitalianos.com\/site\/wp-json\/wp\/v2\/media?parent=3913"}],"wp:term":[{"taxonomy":"product_cat","embeddable":true,"href":"https:\/\/mueblesitalianos.com\/site\/wp-json\/wp\/v2\/product_cat?post=3913"},{"taxonomy":"product_tag","embeddable":true,"href":"https:\/\/mueblesitalianos.com\/site\/wp-json\/wp\/v2\/product_tag?post=3913"}],"curies":[{"name":"wp","href":"https:\/\/api.w.org\/{rel}","templated":true}]}}