{"id":3918,"date":"2024-04-09T19:49:02","date_gmt":"2024-04-09T19:49:02","guid":{"rendered":"https:\/\/mueblesitalianos.com\/site\/?post_type=product&#038;p=3918"},"modified":"2024-06-19T17:53:22","modified_gmt":"2024-06-19T17:53:22","slug":"redondo-armchair","status":"publish","type":"product","link":"https:\/\/mueblesitalianos.com\/site\/producto\/redondo-armchair\/","title":{"rendered":"Redondo armchair"},"content":{"rendered":"<p>Una colecci\u00f3n con una distintiva forma de dos partes, la carcasa acolchada abraza los enormes cojines del asiento. Sus curvas se lucen por la ausencia total de esquinas afiladas y la suavidad del tejido, y la decoraci\u00f3n acolchada donde el hilo, como las l\u00edneas de un l\u00e1piz, dibuja una elegante forma tridimensional que llama a los sentidos.<\/p>\n<p>En su dise\u00f1o, Redondo se inspira en los autom\u00f3viles estadounidenses de los a\u00f1os 50 y 60: sus interiores tapizados, las suaves curvas de su carrocer\u00eda y la comodidad en la carretera para largos recorridos de costa a costa. Para el observador, es el escenario de escenas de la vida cotidiana.<\/p>\n","protected":false},"excerpt":{"rendered":"<p>Una colecci\u00f3n con una distintiva forma de dos partes, la carcasa acolchada abraza los enormes cojines del asiento.<\/p>\n","protected":false},"featured_media":3922,"template":"","meta":{"_joinchat":[]},"product_cat":[99],"product_tag":[],"class_list":{"0":"post-3918","1":"product","2":"type-product","3":"status-publish","4":"has-post-thumbnail","6":"product_cat-moroso","8":"first","9":"instock","10":"shipping-taxable","11":"purchasable","12":"product-type-simple"},"aioseo_notices":[],"_links":{"self":[{"href":"https:\/\/mueblesitalianos.com\/site\/wp-json\/wp\/v2\/product\/3918","targetHints":{"allow":["GET"]}}],"collection":[{"href":"https:\/\/mueblesitalianos.com\/site\/wp-json\/wp\/v2\/product"}],"about":[{"href":"https:\/\/mueblesitalianos.com\/site\/wp-json\/wp\/v2\/types\/product"}],"wp:featuredmedia":[{"embeddable":true,"href":"https:\/\/mueblesitalianos.com\/site\/wp-json\/wp\/v2\/media\/3922"}],"wp:attachment":[{"href":"https:\/\/mueblesitalianos.com\/site\/wp-json\/wp\/v2\/media?parent=3918"}],"wp:term":[{"taxonomy":"product_cat","embeddable":true,"href":"https:\/\/mueblesitalianos.com\/site\/wp-json\/wp\/v2\/product_cat?post=3918"},{"taxonomy":"product_tag","embeddable":true,"href":"https:\/\/mueblesitalianos.com\/site\/wp-json\/wp\/v2\/product_tag?post=3918"}],"curies":[{"name":"wp","href":"https:\/\/api.w.org\/{rel}","templated":true}]}}