{"id":3923,"date":"2024-04-09T20:02:38","date_gmt":"2024-04-09T20:02:38","guid":{"rendered":"https:\/\/mueblesitalianos.com\/site\/?post_type=product&#038;p=3923"},"modified":"2024-06-19T17:54:40","modified_gmt":"2024-06-19T17:54:40","slug":"alfombra-golran-diciembre-jardin-del-eden","status":"publish","type":"product","link":"https:\/\/mueblesitalianos.com\/site\/producto\/alfombra-golran-diciembre-jardin-del-eden\/","title":{"rendered":"Alfombra Golran Diciembre Jard\u00edn del Ed\u00e9n"},"content":{"rendered":"<p><span>Para Golran, India Mahdavi dise\u00f1\u00f3 una colecci\u00f3n que se distingue por un patr\u00f3n de hojas lisas. Poco a poco se superponen hacia el centro y parecen arrastradas por el viento, arrastradas por una r\u00e1faga que recorre la tradici\u00f3n centenaria de las alfombras persas.<\/span><\/p>\n<p><span>El primer \u201cjard\u00edn\u201d es m\u00e1s cl\u00e1sico, tiene un formato rectangular, una decoraci\u00f3n central generosamente enmarcada y bordes en zigzag en sustituci\u00f3n de los flecos. El segundo se crea eliminando el patr\u00f3n central del dise\u00f1o inicial, para revelar un jard\u00edn salvaje. La extracci\u00f3n de esta pieza crea un patr\u00f3n m\u00e1s libre en toda la superficie, dando como resultado una alfombra de formas irregulares adecuada para decorar espacios menos convencionales. Al romper con los l\u00edmites de la forma y agregar movimiento, India Mahdavi ofrece una nueva interpretaci\u00f3n de las alfombras inspirada en los jardines orientales.<\/span><\/p>\n","protected":false},"excerpt":{"rendered":"<p><span>Para Golran, India Mahdavi dise\u00f1\u00f3 una colecci\u00f3n que se distingue por un patr\u00f3n de hojas lisas. Poco a poco se superponen hacia el centro y parecen arrastradas por el viento, arrastradas por una r\u00e1faga que recorre la tradici\u00f3n centenaria de las alfombras persas.<\/span><\/p>\n","protected":false},"featured_media":3926,"template":"","meta":{"_joinchat":[]},"product_cat":[99],"product_tag":[],"class_list":{"0":"post-3923","1":"product","2":"type-product","3":"status-publish","4":"has-post-thumbnail","6":"product_cat-moroso","8":"first","9":"instock","10":"shipping-taxable","11":"purchasable","12":"product-type-simple"},"aioseo_notices":[],"_links":{"self":[{"href":"https:\/\/mueblesitalianos.com\/site\/wp-json\/wp\/v2\/product\/3923","targetHints":{"allow":["GET"]}}],"collection":[{"href":"https:\/\/mueblesitalianos.com\/site\/wp-json\/wp\/v2\/product"}],"about":[{"href":"https:\/\/mueblesitalianos.com\/site\/wp-json\/wp\/v2\/types\/product"}],"wp:featuredmedia":[{"embeddable":true,"href":"https:\/\/mueblesitalianos.com\/site\/wp-json\/wp\/v2\/media\/3926"}],"wp:attachment":[{"href":"https:\/\/mueblesitalianos.com\/site\/wp-json\/wp\/v2\/media?parent=3923"}],"wp:term":[{"taxonomy":"product_cat","embeddable":true,"href":"https:\/\/mueblesitalianos.com\/site\/wp-json\/wp\/v2\/product_cat?post=3923"},{"taxonomy":"product_tag","embeddable":true,"href":"https:\/\/mueblesitalianos.com\/site\/wp-json\/wp\/v2\/product_tag?post=3923"}],"curies":[{"name":"wp","href":"https:\/\/api.w.org\/{rel}","templated":true}]}}