{"id":3927,"date":"2024-04-09T21:37:52","date_gmt":"2024-04-09T21:37:52","guid":{"rendered":"https:\/\/mueblesitalianos.com\/site\/?post_type=product&#038;p=3927"},"modified":"2024-06-19T17:56:01","modified_gmt":"2024-06-19T17:56:01","slug":"butaca-giratoria-fjord-armchair","status":"publish","type":"product","link":"https:\/\/mueblesitalianos.com\/site\/producto\/butaca-giratoria-fjord-armchair\/","title":{"rendered":"Butaca Giratoria Fjord Armchair"},"content":{"rendered":"<p>A partir de un trozo de concha, que las olas han roto y alisado, Patricia Urquiola ha dise\u00f1ado una colecci\u00f3n de asientos tanto para el hogar como para espacios p\u00fablicos. Como sugiere el nombre, hay una fuerte influencia escandinava con referencias a Arne Jacobsen y las ensenadas de las costas del norte representadas en el largo corte.<\/p>\n<p>Como un ciclo natural donde la c\u00e1scara renace por los efectos del tiempo y el agua, la silla se convierte en sill\u00f3n y luego en taburete. Su forma quebrada y su concepto abstracto se convierten juntos en un objeto de dise\u00f1o: l\u00edneas suaves que sostienen y envuelven se destacan con costuras decorativas en armon\u00eda con la esencia de la estructura de la silla. Estructura de acero recubierta de espuma fr\u00eda inyectada.<\/p>\n","protected":false},"excerpt":{"rendered":"<p>A partir de un trozo de concha, que las olas han roto y alisado, Patricia Urquiola ha dise\u00f1ado una colecci\u00f3n de asientos tanto para el hogar como para espacios p\u00fablicos.<\/p>\n","protected":false},"featured_media":3934,"template":"","meta":{"_joinchat":[]},"product_cat":[99],"product_tag":[],"class_list":{"0":"post-3927","1":"product","2":"type-product","3":"status-publish","4":"has-post-thumbnail","6":"product_cat-moroso","8":"first","9":"instock","10":"shipping-taxable","11":"purchasable","12":"product-type-simple"},"aioseo_notices":[],"_links":{"self":[{"href":"https:\/\/mueblesitalianos.com\/site\/wp-json\/wp\/v2\/product\/3927","targetHints":{"allow":["GET"]}}],"collection":[{"href":"https:\/\/mueblesitalianos.com\/site\/wp-json\/wp\/v2\/product"}],"about":[{"href":"https:\/\/mueblesitalianos.com\/site\/wp-json\/wp\/v2\/types\/product"}],"wp:featuredmedia":[{"embeddable":true,"href":"https:\/\/mueblesitalianos.com\/site\/wp-json\/wp\/v2\/media\/3934"}],"wp:attachment":[{"href":"https:\/\/mueblesitalianos.com\/site\/wp-json\/wp\/v2\/media?parent=3927"}],"wp:term":[{"taxonomy":"product_cat","embeddable":true,"href":"https:\/\/mueblesitalianos.com\/site\/wp-json\/wp\/v2\/product_cat?post=3927"},{"taxonomy":"product_tag","embeddable":true,"href":"https:\/\/mueblesitalianos.com\/site\/wp-json\/wp\/v2\/product_tag?post=3927"}],"curies":[{"name":"wp","href":"https:\/\/api.w.org\/{rel}","templated":true}]}}