{"id":3935,"date":"2024-04-09T21:51:37","date_gmt":"2024-04-09T21:51:37","guid":{"rendered":"https:\/\/mueblesitalianos.com\/site\/?post_type=product&#038;p=3935"},"modified":"2024-06-19T17:57:06","modified_gmt":"2024-06-19T17:57:06","slug":"sofa-m-a-s-s-a-s","status":"publish","type":"product","link":"https:\/\/mueblesitalianos.com\/site\/producto\/sofa-m-a-s-s-a-s\/","title":{"rendered":"Sofa M.A.S.S.A.S."},"content":{"rendered":"<p>Bloques romos redondeados y alisados \u200b\u200bpor alguna cuchilla imaginaria. El orden geom\u00e9trico se rompe, es barrido por un movimiento, una l\u00ednea que sigue el contorno. Las diferentes caras revelan vetas formadas por costuras, a veces tan visibles como tachuelas, otras desapareciendo. La forma exterior parece ser independiente del marco interior y del acolchado. Sof\u00e1, sill\u00f3n, silla: un sistema modular en el que cada componente tiene su propio car\u00e1cter independiente, tanto en su uso como en su sensaci\u00f3n escult\u00f3rica.<\/p>\n<p>Asiento en espuma de poliuretano ign\u00edfugo de variadas densidades y fibra de poli\u00e9ster sobre estructura de madera. Respaldo y brazos de espuma de poliuretano inyectada ign\u00edfuga sobre estructura interna de acero. Las fundas de la colecci\u00f3n MASSAS son desenfundables. La colecci\u00f3n de telas est\u00e1 unida con relleno de fibra de poli\u00e9ster y poliuretano para brindar soporte especial a la funda.<\/p>\n","protected":false},"excerpt":{"rendered":"<p>Bloques romos redondeados y alisados \u200b\u200bpor alguna cuchilla imaginaria. El orden geom\u00e9trico se rompe, es barrido por un movimiento, una l\u00ednea que sigue el contorno.<br \/>\nLas diferentes caras revelan vetas formadas por costuras, a veces tan visibles como tachuelas, otras desapareciendo.<br \/>\nLa forma exterior parece ser independiente del marco interior y del acolchado.<br \/>\nSof\u00e1, sill\u00f3n, silla: un sistema modular en el que cada componente tiene su propio car\u00e1cter independiente, tanto en su uso como en su sensaci\u00f3n escult\u00f3rica.<\/p>\n","protected":false},"featured_media":3936,"template":"","meta":{"_joinchat":[]},"product_cat":[99],"product_tag":[],"class_list":{"0":"post-3935","1":"product","2":"type-product","3":"status-publish","4":"has-post-thumbnail","6":"product_cat-moroso","8":"first","9":"instock","10":"shipping-taxable","11":"purchasable","12":"product-type-simple"},"aioseo_notices":[],"_links":{"self":[{"href":"https:\/\/mueblesitalianos.com\/site\/wp-json\/wp\/v2\/product\/3935","targetHints":{"allow":["GET"]}}],"collection":[{"href":"https:\/\/mueblesitalianos.com\/site\/wp-json\/wp\/v2\/product"}],"about":[{"href":"https:\/\/mueblesitalianos.com\/site\/wp-json\/wp\/v2\/types\/product"}],"wp:featuredmedia":[{"embeddable":true,"href":"https:\/\/mueblesitalianos.com\/site\/wp-json\/wp\/v2\/media\/3936"}],"wp:attachment":[{"href":"https:\/\/mueblesitalianos.com\/site\/wp-json\/wp\/v2\/media?parent=3935"}],"wp:term":[{"taxonomy":"product_cat","embeddable":true,"href":"https:\/\/mueblesitalianos.com\/site\/wp-json\/wp\/v2\/product_cat?post=3935"},{"taxonomy":"product_tag","embeddable":true,"href":"https:\/\/mueblesitalianos.com\/site\/wp-json\/wp\/v2\/product_tag?post=3935"}],"curies":[{"name":"wp","href":"https:\/\/api.w.org\/{rel}","templated":true}]}}