{"id":3941,"date":"2024-04-09T22:01:27","date_gmt":"2024-04-09T22:01:27","guid":{"rendered":"https:\/\/mueblesitalianos.com\/site\/?post_type=product&#038;p=3941"},"modified":"2024-06-19T17:58:49","modified_gmt":"2024-06-19T17:58:49","slug":"butaca-gemma","status":"publish","type":"product","link":"https:\/\/mueblesitalianos.com\/site\/producto\/butaca-gemma\/","title":{"rendered":"Butaca Gemma"},"content":{"rendered":"<section><span>La colecci\u00f3n Gemma se desarroll\u00f3 en torno a la idea de contraste y experiencia derivada de la percepci\u00f3n de una forma. La marcada asimetr\u00eda de su geometr\u00eda tridimensional contrasta con la suavidad de la tapicer\u00eda. El perfil multifac\u00e9tico recuerda tanto a una piedra preciosa como a las composiciones t\u00edpicas de los tapices italianos del siglo XV. La colecci\u00f3n representa una sinergia entre las complejas geometr\u00edas de Libeskind y la conocida experiencia de Moroso.<\/span><br \/>\n<span>Libeskind se ha inspirado enormemente en formas geol\u00f3gicas naturales, incluidos cristales, gemas y formaciones rocosas naturales. Para la colecci\u00f3n Moroso, el dise\u00f1o se basa en el dise\u00f1o facetado asim\u00e9trico de gemas para crear una pieza escult\u00f3rica para el hogar o la oficina y conectarse con la gran obra de Libeskind.<\/span><\/p>\n<\/section>\n<p><span>Estructura interna en composite polim\u00e9rico y espuma de poliuretano ign\u00edfugo con base de madera. Las fundas de la colecci\u00f3n Gemma no son desenfundables.<\/span><\/p>\n","protected":false},"excerpt":{"rendered":"<section><span>La colecci\u00f3n Gemma se desarroll\u00f3 en torno a la idea de contraste y experiencia derivada de la percepci\u00f3n de una forma. La marcada asimetr\u00eda de su geometr\u00eda tridimensional contrasta con la suavidad de la tapicer\u00eda. <\/span><\/p>\n<\/section>\n","protected":false},"featured_media":3942,"template":"","meta":{"_joinchat":[]},"product_cat":[99],"product_tag":[],"class_list":{"0":"post-3941","1":"product","2":"type-product","3":"status-publish","4":"has-post-thumbnail","6":"product_cat-moroso","8":"first","9":"instock","10":"shipping-taxable","11":"purchasable","12":"product-type-simple"},"aioseo_notices":[],"_links":{"self":[{"href":"https:\/\/mueblesitalianos.com\/site\/wp-json\/wp\/v2\/product\/3941","targetHints":{"allow":["GET"]}}],"collection":[{"href":"https:\/\/mueblesitalianos.com\/site\/wp-json\/wp\/v2\/product"}],"about":[{"href":"https:\/\/mueblesitalianos.com\/site\/wp-json\/wp\/v2\/types\/product"}],"wp:featuredmedia":[{"embeddable":true,"href":"https:\/\/mueblesitalianos.com\/site\/wp-json\/wp\/v2\/media\/3942"}],"wp:attachment":[{"href":"https:\/\/mueblesitalianos.com\/site\/wp-json\/wp\/v2\/media?parent=3941"}],"wp:term":[{"taxonomy":"product_cat","embeddable":true,"href":"https:\/\/mueblesitalianos.com\/site\/wp-json\/wp\/v2\/product_cat?post=3941"},{"taxonomy":"product_tag","embeddable":true,"href":"https:\/\/mueblesitalianos.com\/site\/wp-json\/wp\/v2\/product_tag?post=3941"}],"curies":[{"name":"wp","href":"https:\/\/api.w.org\/{rel}","templated":true}]}}