{"id":3966,"date":"2024-04-10T18:27:49","date_gmt":"2024-04-10T18:27:49","guid":{"rendered":"https:\/\/mueblesitalianos.com\/site\/?post_type=product&#038;p=3966"},"modified":"2024-04-10T18:27:50","modified_gmt":"2024-04-10T18:27:50","slug":"silla-de-comedor-rhonda","status":"publish","type":"product","link":"https:\/\/mueblesitalianos.com\/site\/producto\/silla-de-comedor-rhonda\/","title":{"rendered":"SILLA DE COMEDOR RHONDA"},"content":{"rendered":"<p>El sill\u00f3n\u00a0<b>Rhonda<\/b>, de forma redondeada, gracias a su elegancia natural, es adecuado para decorar un\u00a0<strong>comedor de dise\u00f1o<\/strong>\u00a0confortable y acogedor. Los delicados pliegues que decoran el interior del respaldo contrastan con el extenso bastidor que envuelve el cuerpo.<br \/>\nLa estructura de acero y las delicadas patas siguen la forma del asiento con sinuosidad, logrando un dise\u00f1o armonioso para esta refinada\u00a0<strong>silla de comedor con apoyabrazos<\/strong>. Esta\u00a0<strong>silla de comedor con apoyabrazos<\/strong>\u00a0se ofrece en diferentes variantes. El modelo\u00a0<b>Rhonda<\/b>, con patas de metal, es m\u00e1s liviano y f\u00e1cil de manipular con respecto a la versi\u00f3n\u00a0<b>Rhonda Wood<\/b>, con patas de diferentes tipos de refinada y cautivadora madera.<br \/>\nEl modelo\u00a0<b>Rhonda Cantilever<\/b>, en cambio, presenta la t\u00edpica estructura volada de la l\u00ednea de\u00a0<strong>sillas cantilever<\/strong>, realizada a partir de una \u00fanica barra de acero. Una opci\u00f3n m\u00e1s funcional o adecuada para una oficina es\u00a0<b>Rhonda Turn<\/b>, la versi\u00f3n de esta\u00a0<strong>silla giratoria de dise\u00f1o<\/strong>, realizada con una base de cuatro radios.<br \/>\nPor \u00faltimo, el\u00a0<strong>sill\u00f3n giratorio moderno<\/strong>\u00a0<b>Rhonda Lounge<\/b>\u00a0completa la familia con su amplio asiento redondeado y su base giratoria que aligeran su generosa figura.<br \/>\nEn cada modelo, en la parte inferior trasera del respaldo, la estructura profunda y el acoplamiento de las patas, destacan a\u00fan m\u00e1s la suavidad de las curvas envolventes de estas\u00a0<strong>elegantes sillas modernas<\/strong>. La familia Rhonda es la amalgama perfecta entre elegancia y practicidad, expresividad y discreci\u00f3n.<\/p>\n","protected":false},"excerpt":{"rendered":"<p>El sill\u00f3n\u00a0<b>Rhonda<\/b>, de forma redondeada, gracias a su elegancia natural, es adecuado para decorar un\u00a0<strong>comedor de dise\u00f1o<\/strong> confortable y acogedor. Los delicados pliegues que decoran el interior del respaldo contrastan con el extenso bastidor que envuelve el cuerpo.<\/p>\n","protected":false},"featured_media":3969,"template":"","meta":{"_joinchat":[]},"product_cat":[21],"product_tag":[],"class_list":{"0":"post-3966","1":"product","2":"type-product","3":"status-publish","4":"has-post-thumbnail","6":"product_cat-cattelan-italia-collection","8":"first","9":"instock","10":"shipping-taxable","11":"purchasable","12":"product-type-simple"},"aioseo_notices":[],"_links":{"self":[{"href":"https:\/\/mueblesitalianos.com\/site\/wp-json\/wp\/v2\/product\/3966","targetHints":{"allow":["GET"]}}],"collection":[{"href":"https:\/\/mueblesitalianos.com\/site\/wp-json\/wp\/v2\/product"}],"about":[{"href":"https:\/\/mueblesitalianos.com\/site\/wp-json\/wp\/v2\/types\/product"}],"wp:featuredmedia":[{"embeddable":true,"href":"https:\/\/mueblesitalianos.com\/site\/wp-json\/wp\/v2\/media\/3969"}],"wp:attachment":[{"href":"https:\/\/mueblesitalianos.com\/site\/wp-json\/wp\/v2\/media?parent=3966"}],"wp:term":[{"taxonomy":"product_cat","embeddable":true,"href":"https:\/\/mueblesitalianos.com\/site\/wp-json\/wp\/v2\/product_cat?post=3966"},{"taxonomy":"product_tag","embeddable":true,"href":"https:\/\/mueblesitalianos.com\/site\/wp-json\/wp\/v2\/product_tag?post=3966"}],"curies":[{"name":"wp","href":"https:\/\/api.w.org\/{rel}","templated":true}]}}