{"id":3972,"date":"2024-04-10T18:38:38","date_gmt":"2024-04-10T18:38:38","guid":{"rendered":"https:\/\/mueblesitalianos.com\/site\/?post_type=product&#038;p=3972"},"modified":"2024-04-10T18:38:38","modified_gmt":"2024-04-10T18:38:38","slug":"mesa-de-comedor-butterfly","status":"publish","type":"product","link":"https:\/\/mueblesitalianos.com\/site\/producto\/mesa-de-comedor-butterfly\/","title":{"rendered":"MESA DE COMEDOR BUTTERFLY"},"content":{"rendered":"<p>La mesa\u00a0<strong>Butterfly<\/strong>\u00a0es un proyecto arquitect\u00f3nico sinuoso que no pasa desapercibido. La base en acero de la\u00a0<strong>mesa de dise\u00f1o<\/strong>\u00a0Butterfly se convierte en la protagonista del\u00a0<strong>comedor moderno<\/strong>\u00a0con un estilo escult\u00f3rico y una alusi\u00f3n a la elegancia de la naturaleza. El sobre en cristal en apoyo aparienta fragilidad, crea un contraste con la combinaci\u00f3n de curvas y esquinas y le da a esta\u00a0<strong>mesa moderna<\/strong>\u00a0un estilo firme y revolucionario. En la versi\u00f3n\u00a0<strong>Butterfly Keramik<\/strong>, est\u00e0 a\u00fan m\u00e1s embellecida por el sobre en cer\u00e1mica Marmi, disponible en varios matices exclusivos.<\/p>\n","protected":false},"excerpt":{"rendered":"<p>La mesa\u00a0<strong>Butterfly<\/strong>\u00a0es un proyecto arquitect\u00f3nico sinuoso que no pasa desapercibido. La base en acero de la\u00a0<strong>mesa de dise\u00f1o<\/strong>\u00a0Butterfly se convierte en la protagonista del\u00a0<strong>comedor moderno<\/strong> con un estilo escult\u00f3rico y una alusi\u00f3n a la elegancia de la naturaleza.<\/p>\n","protected":false},"featured_media":3973,"template":"","meta":{"_joinchat":[]},"product_cat":[21],"product_tag":[],"class_list":{"0":"post-3972","1":"product","2":"type-product","3":"status-publish","4":"has-post-thumbnail","6":"product_cat-cattelan-italia-collection","8":"first","9":"instock","10":"shipping-taxable","11":"purchasable","12":"product-type-simple"},"aioseo_notices":[],"_links":{"self":[{"href":"https:\/\/mueblesitalianos.com\/site\/wp-json\/wp\/v2\/product\/3972","targetHints":{"allow":["GET"]}}],"collection":[{"href":"https:\/\/mueblesitalianos.com\/site\/wp-json\/wp\/v2\/product"}],"about":[{"href":"https:\/\/mueblesitalianos.com\/site\/wp-json\/wp\/v2\/types\/product"}],"wp:featuredmedia":[{"embeddable":true,"href":"https:\/\/mueblesitalianos.com\/site\/wp-json\/wp\/v2\/media\/3973"}],"wp:attachment":[{"href":"https:\/\/mueblesitalianos.com\/site\/wp-json\/wp\/v2\/media?parent=3972"}],"wp:term":[{"taxonomy":"product_cat","embeddable":true,"href":"https:\/\/mueblesitalianos.com\/site\/wp-json\/wp\/v2\/product_cat?post=3972"},{"taxonomy":"product_tag","embeddable":true,"href":"https:\/\/mueblesitalianos.com\/site\/wp-json\/wp\/v2\/product_tag?post=3972"}],"curies":[{"name":"wp","href":"https:\/\/api.w.org\/{rel}","templated":true}]}}