{"id":3990,"date":"2024-04-10T19:58:23","date_gmt":"2024-04-10T19:58:23","guid":{"rendered":"https:\/\/mueblesitalianos.com\/site\/?post_type=product&#038;p=3990"},"modified":"2024-04-10T19:59:57","modified_gmt":"2024-04-10T19:59:57","slug":"mesa-de-centro-orlando","status":"publish","type":"product","link":"https:\/\/mueblesitalianos.com\/site\/producto\/mesa-de-centro-orlando\/","title":{"rendered":"MESA DE CENTRO ORLANDO"},"content":{"rendered":"<p>La sala de estar es el lugar m\u00e1s flexible del hogar, en el que se llevan a cabo una gran variedad de actividades y que debe estar amueblado para satisfacer diferentes necesidades. Por este motivo, la\u00a0<strong>mesita con sobre elevable<\/strong>\u00a0<b>Orlando<\/b>\u00a0tiene dos posiciones ajustables.En la versi\u00f3n cerrada, con el sobre a 32 cm de altura, se puede utilizar como una elegante\u00a0<strong>mesita de sala de estar moderna<\/strong>. En la superficie de apoyo hay centros de mesa y objetos para tener a mano, mientras que en el compartimento inferior, encerrado en la base met\u00e1lica, se pueden guardar libros y peque\u00f1os objetos. En su versi\u00f3n abierta en cambio, esta pr\u00e1ctica\u00a0<strong>mesita moderna<\/strong>\u00a0tiene una altura de 65 cm. La versi\u00f3n abierta de Orlando se puede utilizar de diferentes formas: como soporte para dispositivos digitales, libros o revistas o para servir un elegante aperitivo a sus invitados.La\u00a0<strong>superficie de madera<\/strong>\u00a0de esta\u00a0<strong>mesita con altura regulable<\/strong>\u00a0est\u00e1 disponible en especies de maderas nobles y con un acabado cepillado hecho a mano, que proporciona un efecto texturizado y refinado. La estructura met\u00e1lica est\u00e1 adornada con una superficie de cristal fum\u00e8 que llama la atenci\u00f3n especialmente en la versi\u00f3n abierta.<\/p>\n","protected":false},"excerpt":{"rendered":"<p>La sala de estar es el lugar m\u00e1s flexible del hogar, en el que se llevan a cabo una gran variedad de actividades y que debe estar amueblado para satisfacer diferentes necesidades. Por este motivo, la\u00a0<strong>mesita con sobre elevable<\/strong>\u00a0<b>Orlando<\/b>\u00a0tiene dos posiciones ajustables.En la versi\u00f3n cerrada, con el sobre a 32 cm de altura, se puede utilizar como una elegante\u00a0<strong>mesita de sala de estar moderna<\/strong>.<\/p>\n","protected":false},"featured_media":3993,"template":"","meta":{"_joinchat":[]},"product_cat":[21],"product_tag":[],"class_list":{"0":"post-3990","1":"product","2":"type-product","3":"status-publish","4":"has-post-thumbnail","6":"product_cat-cattelan-italia-collection","8":"first","9":"instock","10":"shipping-taxable","11":"purchasable","12":"product-type-simple"},"aioseo_notices":[],"_links":{"self":[{"href":"https:\/\/mueblesitalianos.com\/site\/wp-json\/wp\/v2\/product\/3990","targetHints":{"allow":["GET"]}}],"collection":[{"href":"https:\/\/mueblesitalianos.com\/site\/wp-json\/wp\/v2\/product"}],"about":[{"href":"https:\/\/mueblesitalianos.com\/site\/wp-json\/wp\/v2\/types\/product"}],"wp:featuredmedia":[{"embeddable":true,"href":"https:\/\/mueblesitalianos.com\/site\/wp-json\/wp\/v2\/media\/3993"}],"wp:attachment":[{"href":"https:\/\/mueblesitalianos.com\/site\/wp-json\/wp\/v2\/media?parent=3990"}],"wp:term":[{"taxonomy":"product_cat","embeddable":true,"href":"https:\/\/mueblesitalianos.com\/site\/wp-json\/wp\/v2\/product_cat?post=3990"},{"taxonomy":"product_tag","embeddable":true,"href":"https:\/\/mueblesitalianos.com\/site\/wp-json\/wp\/v2\/product_tag?post=3990"}],"curies":[{"name":"wp","href":"https:\/\/api.w.org\/{rel}","templated":true}]}}