{"id":4126,"date":"2024-05-14T19:35:52","date_gmt":"2024-05-14T19:35:52","guid":{"rendered":"https:\/\/mueblesitalianos.com\/site\/?post_type=product&#038;p=4126"},"modified":"2024-05-14T19:58:47","modified_gmt":"2024-05-14T19:58:47","slug":"mesa-de-centro-mono","status":"publish","type":"product","link":"https:\/\/mueblesitalianos.com\/site\/producto\/mesa-de-centro-mono\/","title":{"rendered":"MESA DE CENTRO MONO"},"content":{"rendered":"<p>MESA DE CENTRO MONO, 80*80*40H CMTS, LACADO NEGRO MATE<br \/>\nGeometr\u00edas lineales, vol\u00famenes esenciales, estructura compacta: Mono destaca por su ligereza, por la elegancia que le dan los cantos en bisel y la amplia gama de acabados y tama\u00f1os disponibles. Est\u00e1 fabricada \u00edntegramente en metal.<\/p>\n","protected":false},"excerpt":{"rendered":"<p>MESA DE CENTRO MONO, 80*80*40H CMTS, LACADO NEGRO MATE<br \/>\nGeometr\u00edas lineales, vol\u00famenes esenciales, estructura compacta: Mono destaca por su ligereza, por la elegancia que le dan los cantos en bisel y la amplia gama de acabados y tama\u00f1os disponibles. Est\u00e1 fabricada \u00edntegramente en metal.<\/p>\n","protected":false},"featured_media":4128,"template":"","meta":{"_joinchat":[]},"product_cat":[18],"product_tag":[],"class_list":{"0":"post-4126","1":"product","2":"type-product","3":"status-publish","4":"has-post-thumbnail","6":"product_cat-pianca-collection","8":"first","9":"instock","10":"shipping-taxable","11":"purchasable","12":"product-type-simple"},"aioseo_notices":[],"_links":{"self":[{"href":"https:\/\/mueblesitalianos.com\/site\/wp-json\/wp\/v2\/product\/4126","targetHints":{"allow":["GET"]}}],"collection":[{"href":"https:\/\/mueblesitalianos.com\/site\/wp-json\/wp\/v2\/product"}],"about":[{"href":"https:\/\/mueblesitalianos.com\/site\/wp-json\/wp\/v2\/types\/product"}],"wp:featuredmedia":[{"embeddable":true,"href":"https:\/\/mueblesitalianos.com\/site\/wp-json\/wp\/v2\/media\/4128"}],"wp:attachment":[{"href":"https:\/\/mueblesitalianos.com\/site\/wp-json\/wp\/v2\/media?parent=4126"}],"wp:term":[{"taxonomy":"product_cat","embeddable":true,"href":"https:\/\/mueblesitalianos.com\/site\/wp-json\/wp\/v2\/product_cat?post=4126"},{"taxonomy":"product_tag","embeddable":true,"href":"https:\/\/mueblesitalianos.com\/site\/wp-json\/wp\/v2\/product_tag?post=4126"}],"curies":[{"name":"wp","href":"https:\/\/api.w.org\/{rel}","templated":true}]}}