{"id":420,"date":"2022-10-26T17:12:28","date_gmt":"2022-10-26T17:12:28","guid":{"rendered":"https:\/\/mueblesitalianos.com\/site\/?post_type=product&#038;p=420"},"modified":"2023-10-28T04:55:45","modified_gmt":"2023-10-28T04:55:45","slug":"mad-max-keramik-premium","status":"publish","type":"product","link":"https:\/\/mueblesitalianos.com\/site\/producto\/mad-max-keramik-premium\/","title":{"rendered":"Italian Couture"},"content":{"rendered":"<p>Las\u00a0<strong>sillas de mesa<\/strong>\u00a0<b>Italia<\/b>\u00a0presentan un dise\u00f1o limpio y refinado. El modelo es mullido y confortable, gracias al coj\u00edn acolchado, apoyado delicadamente al respaldo. Las patas y el respaldo, en cambio, infunden rigor y sobriedad. Est\u00e1n realizados de acero completamente revestido a elecci\u00f3n, entre tejido, piel o ecopiel. La versi\u00f3n\u00a0<b>Italia Couture<\/b>\u00a0se enaltece gracias a un refinado trabajo artesanal en la parte trasera del respaldo, una espl\u00e9ndida colchadura romboidal que &#8211; adem\u00e1s de embellecer la colecci\u00f3n &#8211; logra una interpretaci\u00f3n que atraviesa la\u00a0<strong>sala de estar<\/strong>, tanto en proyectos residenciales como en\u00a0<strong>trabajos para dise\u00f1os de interiores<\/strong>. La l\u00ednea Italia incluye tambi\u00e9n\u00a0<strong>sillas con apoyabrazos elegantes<\/strong>, en ambas versiones.<\/p>\n","protected":false},"excerpt":{"rendered":"<p>Silla con o sin brazos con estructura en acero tapizada en tejido, synthetic nubuck, micro nubuck, ecopiel o piel seg\u00fan muestrario. Respaldo exterior acolchado. El tapizado no es desenfundable.<\/p>\n","protected":false},"featured_media":1107,"template":"","meta":{"_joinchat":[]},"product_cat":[21],"product_tag":[],"class_list":{"0":"post-420","1":"product","2":"type-product","3":"status-publish","4":"has-post-thumbnail","6":"product_cat-cattelan-italia-collection","7":"pa_color-beige","8":"pa_color-black","10":"first","11":"instock","12":"shipping-taxable","13":"purchasable","14":"product-type-variable"},"aioseo_notices":[],"_links":{"self":[{"href":"https:\/\/mueblesitalianos.com\/site\/wp-json\/wp\/v2\/product\/420","targetHints":{"allow":["GET"]}}],"collection":[{"href":"https:\/\/mueblesitalianos.com\/site\/wp-json\/wp\/v2\/product"}],"about":[{"href":"https:\/\/mueblesitalianos.com\/site\/wp-json\/wp\/v2\/types\/product"}],"wp:featuredmedia":[{"embeddable":true,"href":"https:\/\/mueblesitalianos.com\/site\/wp-json\/wp\/v2\/media\/1107"}],"wp:attachment":[{"href":"https:\/\/mueblesitalianos.com\/site\/wp-json\/wp\/v2\/media?parent=420"}],"wp:term":[{"taxonomy":"product_cat","embeddable":true,"href":"https:\/\/mueblesitalianos.com\/site\/wp-json\/wp\/v2\/product_cat?post=420"},{"taxonomy":"product_tag","embeddable":true,"href":"https:\/\/mueblesitalianos.com\/site\/wp-json\/wp\/v2\/product_tag?post=420"}],"curies":[{"name":"wp","href":"https:\/\/api.w.org\/{rel}","templated":true}]}}