{"id":714,"date":"2022-10-26T22:23:14","date_gmt":"2022-10-26T22:23:14","guid":{"rendered":"https:\/\/mueblesitalianos.com\/site\/?post_type=product&#038;p=714"},"modified":"2023-10-28T04:56:26","modified_gmt":"2023-10-28T04:56:26","slug":"planeta","status":"publish","type":"product","link":"https:\/\/mueblesitalianos.com\/site\/producto\/planeta\/","title":{"rendered":"Planeta"},"content":{"rendered":"<p>De una idea de Studio Kronos nace la familia de\u00a0<strong>l\u00e1mparas de dise\u00f1o<\/strong>\u00a0Planeta, que recuerda el\u00a0<strong>dise\u00f1o de los a\u00f1os \u201860<\/strong>. Las pantallas de vidrio gravitan alrededor de la base de hierro bru\u00f1ido como un sistema de planetas en miniatura. El cuidado de los detalles de lat\u00f3n cepillado y la experimentada elaboraci\u00f3n del cristal soplado blanco satinado hacen de esta\u00a0<strong>l\u00e1mpara moderna<\/strong>\u00a0un detalle de decoraci\u00f3n, capaz de conferir a la habitaci\u00f3n un esp\u00edritu sofisticado y distinguido. La familia de l\u00e1mparas Planeta comprende: una\u00a0<strong>columna moderna<\/strong>, una versi\u00f3n de la\u00a0<strong>l\u00e1mpara de techo<\/strong>, un aplique y una\u00a0<strong>l\u00e1mpara de sobremesa de dise\u00f1o<\/strong>.<\/p>\n","protected":false},"excerpt":{"rendered":"<p>L\u00e1mpara de mesa, de techo, de pared y de tierra con estructura en hierro bru\u00f1ido y detalles en lat\u00f3n cepillado. Pantallas en vidrio soplado blanco transl\u00facido. Bombillas incluidas.<\/p>\n","protected":false},"featured_media":1105,"template":"","meta":{"_joinchat":[]},"product_cat":[21],"product_tag":[],"class_list":{"0":"post-714","1":"product","2":"type-product","3":"status-publish","4":"has-post-thumbnail","6":"product_cat-cattelan-italia-collection","8":"first","9":"instock","10":"shipping-taxable","11":"purchasable","12":"product-type-simple"},"aioseo_notices":[],"_links":{"self":[{"href":"https:\/\/mueblesitalianos.com\/site\/wp-json\/wp\/v2\/product\/714","targetHints":{"allow":["GET"]}}],"collection":[{"href":"https:\/\/mueblesitalianos.com\/site\/wp-json\/wp\/v2\/product"}],"about":[{"href":"https:\/\/mueblesitalianos.com\/site\/wp-json\/wp\/v2\/types\/product"}],"wp:featuredmedia":[{"embeddable":true,"href":"https:\/\/mueblesitalianos.com\/site\/wp-json\/wp\/v2\/media\/1105"}],"wp:attachment":[{"href":"https:\/\/mueblesitalianos.com\/site\/wp-json\/wp\/v2\/media?parent=714"}],"wp:term":[{"taxonomy":"product_cat","embeddable":true,"href":"https:\/\/mueblesitalianos.com\/site\/wp-json\/wp\/v2\/product_cat?post=714"},{"taxonomy":"product_tag","embeddable":true,"href":"https:\/\/mueblesitalianos.com\/site\/wp-json\/wp\/v2\/product_tag?post=714"}],"curies":[{"name":"wp","href":"https:\/\/api.w.org\/{rel}","templated":true}]}}