{"id":723,"date":"2022-10-26T22:52:38","date_gmt":"2022-10-26T22:52:38","guid":{"rendered":"https:\/\/mueblesitalianos.com\/site\/?post_type=product&#038;p=723"},"modified":"2023-01-17T20:22:20","modified_gmt":"2023-01-17T20:22:20","slug":"sablier","status":"publish","type":"product","link":"https:\/\/mueblesitalianos.com\/site\/producto\/sablier\/","title":{"rendered":"SABLIER"},"content":{"rendered":"<p>La\u00a0<strong>l\u00e1mpara de sobremesa moderna de dise\u00f1o<\/strong>\u00a0<b>Sablier<\/b>\u00a0permite crear infinitas composiciones, formadas por delicadas pantallas de cristal, que colgadas a diferentes alturas, brindan armon\u00eda y elegancia a la habitaci\u00f3n. Esta\u00a0<strong>l\u00e1mpara de techo<\/strong>\u00a0permite lograr la mejor composici\u00f3n posible para destacar con distinci\u00f3n su sala de estar . Cada elemento puede colgarse del techo de forma individual o fijarse a un soporte redondo con capacidad de 2 a 24 elementos colgantes, que pueden posicionarse a diferentes alturas y distancias. El modelo Cloud, adem\u00e1s, est\u00e1 disponible en versi\u00f3n\u00a0<strong>l\u00e1mpara de sobremesa<\/strong>\u00a0con un soporte de metal redondo que recuerda la forma de un antiguo reloj de arena.<\/p>\n","protected":false},"excerpt":{"rendered":"<p>L\u00e1mpara de techo y sobremesa con pantalla en cristal transparente o mix<\/p>\n","protected":false},"featured_media":1110,"template":"","meta":{"_joinchat":[]},"product_cat":[21],"product_tag":[],"class_list":{"0":"post-723","1":"product","2":"type-product","3":"status-publish","4":"has-post-thumbnail","6":"product_cat-cattelan-italia-collection","8":"first","9":"instock","10":"shipping-taxable","11":"purchasable","12":"product-type-simple"},"aioseo_notices":[],"_links":{"self":[{"href":"https:\/\/mueblesitalianos.com\/site\/wp-json\/wp\/v2\/product\/723","targetHints":{"allow":["GET"]}}],"collection":[{"href":"https:\/\/mueblesitalianos.com\/site\/wp-json\/wp\/v2\/product"}],"about":[{"href":"https:\/\/mueblesitalianos.com\/site\/wp-json\/wp\/v2\/types\/product"}],"wp:featuredmedia":[{"embeddable":true,"href":"https:\/\/mueblesitalianos.com\/site\/wp-json\/wp\/v2\/media\/1110"}],"wp:attachment":[{"href":"https:\/\/mueblesitalianos.com\/site\/wp-json\/wp\/v2\/media?parent=723"}],"wp:term":[{"taxonomy":"product_cat","embeddable":true,"href":"https:\/\/mueblesitalianos.com\/site\/wp-json\/wp\/v2\/product_cat?post=723"},{"taxonomy":"product_tag","embeddable":true,"href":"https:\/\/mueblesitalianos.com\/site\/wp-json\/wp\/v2\/product_tag?post=723"}],"curies":[{"name":"wp","href":"https:\/\/api.w.org\/{rel}","templated":true}]}}