{"id":728,"date":"2022-10-26T23:00:57","date_gmt":"2022-10-26T23:00:57","guid":{"rendered":"https:\/\/mueblesitalianos.com\/site\/?post_type=product&#038;p=728"},"modified":"2023-01-17T20:22:07","modified_gmt":"2023-01-17T20:22:07","slug":"arena","status":"publish","type":"product","link":"https:\/\/mueblesitalianos.com\/site\/producto\/arena\/","title":{"rendered":"ARENA"},"content":{"rendered":"<p>La l\u00ednea de\u00a0<strong>mesitas para sala de estar de dise\u00f1o<\/strong>\u00a0<b>Arena<\/b>\u00a0decora una\u00a0<strong>sala de estar moderna<\/strong>\u00a0y elegante, poniendo en relieve el refinado acabado Brushed realizado a mano. Experimentados artesanos realizan delicadas e imperceptibles rayas, creando un patr\u00f3n con trama y textura. El dise\u00f1ador Yasuhiro Shito ha pensado en todos los detalles para un resultado de gran impacto est\u00e9tico que no descuida la funcionalidad de un sobre de apoyo espacioso. Arena se propone en dos variantes, adem\u00e1s de la versi\u00f3n est\u00e1ndar, que dan ritmo y volumen a una\u00a0<strong>sala de estar de dise\u00f1o<\/strong>.\u00a0<b>Arena Bond<\/b>\u00a0y\u00a0<b>Arena Double Bond<\/b>\u00a0acompa\u00f1an al sobre principal, con una y dos\u00a0<strong>mesitas redondas de vidrio<\/strong>\u00a0fum\u00e8 giratorias, respectivamente. Esta\u00a0<strong>mesita moderna<\/strong>\u00a0se ofrece en dos modelos, para un total de 5 variantes.\u00a0<b>Arena<\/b>\u00a0es un modelo redondo que puede completarse con una o dos\u00a0<strong>mesitas redondas de vidrio<\/strong>\u00a0giratorias, que se colocan junto al sobre principal:\u00a0<b>Arena Bond<\/b>\u00a0y\u00a0<b>Arena Double Bond<\/b>. El modelo alargado, en cambio, es\u00a0<b>Arena Long<\/b>, disponible tambi\u00e9n en la versi\u00f3n\u00a0<b>Arena Long Bond<\/b>. La columna de la\u00a0<strong>mesita de vidrio<\/strong>\u00a0Bond est\u00e1 laqueada con el mismo acabado realizado a mano del sobre principal Arena.<\/p>\n","protected":false},"excerpt":{"rendered":"<p>Mesita con base en acero barnizado gofrado negro y sobre de madera barnizado Brushed Bronze o Brushed Grey.<\/p>\n","protected":false},"featured_media":1111,"template":"","meta":{"_joinchat":[]},"product_cat":[21],"product_tag":[],"class_list":{"0":"post-728","1":"product","2":"type-product","3":"status-publish","4":"has-post-thumbnail","6":"product_cat-cattelan-italia-collection","8":"first","9":"outofstock","10":"shipping-taxable","11":"purchasable","12":"product-type-simple"},"aioseo_notices":[],"_links":{"self":[{"href":"https:\/\/mueblesitalianos.com\/site\/wp-json\/wp\/v2\/product\/728","targetHints":{"allow":["GET"]}}],"collection":[{"href":"https:\/\/mueblesitalianos.com\/site\/wp-json\/wp\/v2\/product"}],"about":[{"href":"https:\/\/mueblesitalianos.com\/site\/wp-json\/wp\/v2\/types\/product"}],"wp:featuredmedia":[{"embeddable":true,"href":"https:\/\/mueblesitalianos.com\/site\/wp-json\/wp\/v2\/media\/1111"}],"wp:attachment":[{"href":"https:\/\/mueblesitalianos.com\/site\/wp-json\/wp\/v2\/media?parent=728"}],"wp:term":[{"taxonomy":"product_cat","embeddable":true,"href":"https:\/\/mueblesitalianos.com\/site\/wp-json\/wp\/v2\/product_cat?post=728"},{"taxonomy":"product_tag","embeddable":true,"href":"https:\/\/mueblesitalianos.com\/site\/wp-json\/wp\/v2\/product_tag?post=728"}],"curies":[{"name":"wp","href":"https:\/\/api.w.org\/{rel}","templated":true}]}}