{"id":741,"date":"2022-10-12T23:25:05","date_gmt":"2022-10-12T23:25:05","guid":{"rendered":"https:\/\/mueblesitalianos.com\/site\/?post_type=product&#038;p=741"},"modified":"2022-10-21T14:02:10","modified_gmt":"2022-10-21T14:02:10","slug":"atrium-keramik-premium-round","status":"publish","type":"product","link":"https:\/\/mueblesitalianos.com\/site\/producto\/atrium-keramik-premium-round\/","title":{"rendered":"ATRIUM Keramik Premium Round"},"content":{"rendered":"<p>La familia de mesas Atrium cuenta con numerosas versiones, para satisfacer las m\u00e1s variadas necesidades est\u00e9ticas, con el mejor mobiliario para un\u00a0<strong>comedor moderno<\/strong>. La base central est\u00e1 constituida por dos placas de cristal espejado couture, realizadas con refinadas t\u00e9cnicas. La mesa crea un juego de luces difusas, donde se reflejan los objetos y las fuentes de luz alrededor. El cristal est\u00e1 modelado con una t\u00e9cnica sin precedentes, que permite dar a la superficie un efecto tridimensional, como una colchadura en un tejido. Los sobres de las mesas de la l\u00ednea Atrium var\u00edan de la madera, a la cer\u00e1mica, y a\u00a0<strong>mesas redondas de madera<\/strong>\u00a0y cer\u00e1mica combinadas. Las numerosas y cautivadoras versiones disponibles son:\u00a0<b>Atrium Keramik<\/b>,\u00a0<b>Atrium Keramik Premium<\/b>,\u00a0<b>Atrium Keramik Round<\/b>,\u00a0<b>Atrium Keramik Premium Round<\/b>,\u00a0<b>Atrium Ker-Wood Round<\/b>,\u00a0<b>Atrium Wood<\/b>\u00a0y\u00a0<b>Atrium Wood Round<\/b>. Completa la familia la espectacular, as\u00ed como funcional,\u00a0<strong>consola de cer\u00e1mica<\/strong>\u00a0<b>Atrium Keramik<\/b><\/p>\n","protected":false},"excerpt":{"rendered":"<p>Mesa con base en cristal curvado reflejado couture fum\u00e9 o bronce.<\/p>\n","protected":false},"featured_media":1115,"template":"","meta":{"_joinchat":[]},"product_cat":[21],"product_tag":[],"class_list":{"0":"post-741","1":"product","2":"type-product","3":"status-publish","4":"has-post-thumbnail","6":"product_cat-cattelan-italia-collection","8":"first","9":"outofstock","10":"shipping-taxable","11":"purchasable","12":"product-type-simple"},"aioseo_notices":[],"_links":{"self":[{"href":"https:\/\/mueblesitalianos.com\/site\/wp-json\/wp\/v2\/product\/741","targetHints":{"allow":["GET"]}}],"collection":[{"href":"https:\/\/mueblesitalianos.com\/site\/wp-json\/wp\/v2\/product"}],"about":[{"href":"https:\/\/mueblesitalianos.com\/site\/wp-json\/wp\/v2\/types\/product"}],"wp:featuredmedia":[{"embeddable":true,"href":"https:\/\/mueblesitalianos.com\/site\/wp-json\/wp\/v2\/media\/1115"}],"wp:attachment":[{"href":"https:\/\/mueblesitalianos.com\/site\/wp-json\/wp\/v2\/media?parent=741"}],"wp:term":[{"taxonomy":"product_cat","embeddable":true,"href":"https:\/\/mueblesitalianos.com\/site\/wp-json\/wp\/v2\/product_cat?post=741"},{"taxonomy":"product_tag","embeddable":true,"href":"https:\/\/mueblesitalianos.com\/site\/wp-json\/wp\/v2\/product_tag?post=741"}],"curies":[{"name":"wp","href":"https:\/\/api.w.org\/{rel}","templated":true}]}}