{"id":787,"date":"2022-10-27T13:53:45","date_gmt":"2022-10-27T13:53:45","guid":{"rendered":"https:\/\/mueblesitalianos.com\/site\/?post_type=product&#038;p=787"},"modified":"2023-10-28T06:11:34","modified_gmt":"2023-10-28T06:11:34","slug":"duetto","status":"publish","type":"product","link":"https:\/\/mueblesitalianos.com\/site\/producto\/duetto\/","title":{"rendered":"Duetto"},"content":{"rendered":"<p>Duetto desarrolla la sostenibilidad de la producci\u00f3n industrial con un proyecto sencillo y tecnol\u00f3gicamente avanzado. La forma escult\u00f3rica se aprecia a primera vista e interpreta un estilo de vida atento a la practicidad y armon\u00eda. Por su funcionalidad y versatilidad de uso (mesita, mesilla de noche, taburete) puede estar tranquilamente en cualquier espacio de la casa, tanto en el interior como en el exterior.<\/p>\n","protected":false},"excerpt":{"rendered":"<p>Duetto enciende la emoci\u00f3n al marcar un posible camino para el dise\u00f1o internacional del futuro.<\/p>\n","protected":false},"featured_media":1119,"template":"","meta":{"_joinchat":[]},"product_cat":[18],"product_tag":[],"class_list":{"0":"post-787","1":"product","2":"type-product","3":"status-publish","4":"has-post-thumbnail","6":"product_cat-pianca-collection","8":"first","9":"instock","10":"shipping-taxable","11":"purchasable","12":"product-type-simple"},"aioseo_notices":[],"_links":{"self":[{"href":"https:\/\/mueblesitalianos.com\/site\/wp-json\/wp\/v2\/product\/787","targetHints":{"allow":["GET"]}}],"collection":[{"href":"https:\/\/mueblesitalianos.com\/site\/wp-json\/wp\/v2\/product"}],"about":[{"href":"https:\/\/mueblesitalianos.com\/site\/wp-json\/wp\/v2\/types\/product"}],"wp:featuredmedia":[{"embeddable":true,"href":"https:\/\/mueblesitalianos.com\/site\/wp-json\/wp\/v2\/media\/1119"}],"wp:attachment":[{"href":"https:\/\/mueblesitalianos.com\/site\/wp-json\/wp\/v2\/media?parent=787"}],"wp:term":[{"taxonomy":"product_cat","embeddable":true,"href":"https:\/\/mueblesitalianos.com\/site\/wp-json\/wp\/v2\/product_cat?post=787"},{"taxonomy":"product_tag","embeddable":true,"href":"https:\/\/mueblesitalianos.com\/site\/wp-json\/wp\/v2\/product_tag?post=787"}],"curies":[{"name":"wp","href":"https:\/\/api.w.org\/{rel}","templated":true}]}}