{"id":791,"date":"2022-10-27T13:58:42","date_gmt":"2022-10-27T13:58:42","guid":{"rendered":"https:\/\/mueblesitalianos.com\/site\/?post_type=product&#038;p=791"},"modified":"2023-10-28T06:12:14","modified_gmt":"2023-10-28T06:12:14","slug":"opla","status":"publish","type":"product","link":"https:\/\/mueblesitalianos.com\/site\/producto\/opla\/","title":{"rendered":"Opl\u00e0"},"content":{"rendered":"<p>Ecl\u00e9ctico y elegante, Opl\u00e0 viste las formas de un abrazo rom\u00e1ntico y c\u00e1lido. Un moderno elemento envolvente de l\u00edneas completamente redondeadas, con importantes vol\u00famenes y proporciones, que ofrecen un c\u00f3modo apoyo. El asiento consta de un coj\u00edn alto y mullido dise\u00f1ado para deslizarse perfectamente en el hueco central de la estructura. Al igual que las venas de una flor, las costuras internas del respaldo realzan su geometr\u00eda armoniosa. Disponible tanto en la versi\u00f3n de tela desenfundable como en la versi\u00f3n de cuero no desenfundable. La base puede ser fija o giratoria, dotada de mecanismo de retorno.<\/p>\n","protected":false},"excerpt":{"rendered":"<p>El asiento consta de un coj\u00edn alto y mullido dise\u00f1ado para deslizarse perfectamente en el hueco central de la estructura.<\/p>\n","protected":false},"featured_media":1124,"template":"","meta":{"_joinchat":[]},"product_cat":[18],"product_tag":[],"class_list":{"0":"post-791","1":"product","2":"type-product","3":"status-publish","4":"has-post-thumbnail","6":"product_cat-pianca-collection","8":"first","9":"instock","10":"shipping-taxable","11":"purchasable","12":"product-type-simple"},"aioseo_notices":[],"_links":{"self":[{"href":"https:\/\/mueblesitalianos.com\/site\/wp-json\/wp\/v2\/product\/791","targetHints":{"allow":["GET"]}}],"collection":[{"href":"https:\/\/mueblesitalianos.com\/site\/wp-json\/wp\/v2\/product"}],"about":[{"href":"https:\/\/mueblesitalianos.com\/site\/wp-json\/wp\/v2\/types\/product"}],"wp:featuredmedia":[{"embeddable":true,"href":"https:\/\/mueblesitalianos.com\/site\/wp-json\/wp\/v2\/media\/1124"}],"wp:attachment":[{"href":"https:\/\/mueblesitalianos.com\/site\/wp-json\/wp\/v2\/media?parent=791"}],"wp:term":[{"taxonomy":"product_cat","embeddable":true,"href":"https:\/\/mueblesitalianos.com\/site\/wp-json\/wp\/v2\/product_cat?post=791"},{"taxonomy":"product_tag","embeddable":true,"href":"https:\/\/mueblesitalianos.com\/site\/wp-json\/wp\/v2\/product_tag?post=791"}],"curies":[{"name":"wp","href":"https:\/\/api.w.org\/{rel}","templated":true}]}}