{"id":796,"date":"2022-10-27T14:02:14","date_gmt":"2022-10-27T14:02:14","guid":{"rendered":"https:\/\/mueblesitalianos.com\/site\/?post_type=product&#038;p=796"},"modified":"2023-11-06T16:50:00","modified_gmt":"2023-11-06T16:50:00","slug":"platea","status":"publish","type":"product","link":"https:\/\/mueblesitalianos.com\/site\/producto\/platea\/","title":{"rendered":"Platea"},"content":{"rendered":"<p>Emilio Nanni resuelve armoniosamente el equilibrio entre las piezas enfatizando la altura y amplitud del respaldo, manteniendo contenidos sus espesores. El dise\u00f1o proporciona un s\u00f3lido impacto formal, a trav\u00e9s de una s\u00edntesis que desarrolla la relaci\u00f3n din\u00e1mica entre l\u00edneas rectas y curvas. El asiento es amplio y c\u00f3modo, gracias a un acolchado diferenciado, que garantiza el mejor apoyo. La tapicer\u00eda, caracterizada por la costura en punto de fest\u00f3n, est\u00e1 disponible en todos los cueros y las telas de la colecci\u00f3n Pianca. La base est\u00e1 formada por una estructura tubular que perfila los vol\u00famenes exteriormente, terminando en el suelo con unos ecl\u00e9cticos pies de lat\u00f3n. Constituye un elemento connotante y est\u00e1 disponible en todos los acabados met\u00e1licos y lacados mates. Equipado con una selecci\u00f3n de poufs reposapi\u00e9s, Platea es el sill\u00f3n ideal tanto para los dormitorios como para la sala o el cuarto de estar.<\/p>\n","protected":false},"excerpt":{"rendered":"<p>Acogedor, elegante, atrevido: Platea es una reinterpretaci\u00f3n moderna del cl\u00e1sico sill\u00f3n de orejas.<\/p>\n","protected":false},"featured_media":1122,"template":"","meta":{"_joinchat":[]},"product_cat":[18],"product_tag":[],"class_list":{"0":"post-796","1":"product","2":"type-product","3":"status-publish","4":"has-post-thumbnail","6":"product_cat-pianca-collection","8":"first","9":"instock","10":"shipping-taxable","11":"purchasable","12":"product-type-simple"},"aioseo_notices":[],"_links":{"self":[{"href":"https:\/\/mueblesitalianos.com\/site\/wp-json\/wp\/v2\/product\/796","targetHints":{"allow":["GET"]}}],"collection":[{"href":"https:\/\/mueblesitalianos.com\/site\/wp-json\/wp\/v2\/product"}],"about":[{"href":"https:\/\/mueblesitalianos.com\/site\/wp-json\/wp\/v2\/types\/product"}],"wp:featuredmedia":[{"embeddable":true,"href":"https:\/\/mueblesitalianos.com\/site\/wp-json\/wp\/v2\/media\/1122"}],"wp:attachment":[{"href":"https:\/\/mueblesitalianos.com\/site\/wp-json\/wp\/v2\/media?parent=796"}],"wp:term":[{"taxonomy":"product_cat","embeddable":true,"href":"https:\/\/mueblesitalianos.com\/site\/wp-json\/wp\/v2\/product_cat?post=796"},{"taxonomy":"product_tag","embeddable":true,"href":"https:\/\/mueblesitalianos.com\/site\/wp-json\/wp\/v2\/product_tag?post=796"}],"curies":[{"name":"wp","href":"https:\/\/api.w.org\/{rel}","templated":true}]}}