{"id":800,"date":"2022-10-27T14:05:14","date_gmt":"2022-10-27T14:05:14","guid":{"rendered":"https:\/\/mueblesitalianos.com\/site\/?post_type=product&#038;p=800"},"modified":"2023-11-06T16:53:13","modified_gmt":"2023-11-06T16:53:13","slug":"calatea","status":"publish","type":"product","link":"https:\/\/mueblesitalianos.com\/site\/producto\/calatea\/","title":{"rendered":"Calatea"},"content":{"rendered":"<p>Ecl\u00e9ctico y elegante, fascinante y carism\u00e1tico: Calatea, el sill\u00f3n dise\u00f1ado para Pianca por Cristina Celestino, representa la s\u00edntesis de una investigaci\u00f3n formal que va buscando las proporciones fuera de escala de elementos primitivos y simples como las hojas. Fueron las extraordinarias peculiaridades de la planta hom\u00f3nima originaria de Am\u00e9rica del Sur, capaz de ofrecer m\u00faltiples experiencias sensoriales, que inspiraron los vol\u00famenes org\u00e1nicos y la riqueza de los detalles elegantes. El proyecto se fondamenta en el di\u00e1logo entre la bot\u00e1nica y la ergonom\u00eda, resuelto a trav\u00e9s de un dise\u00f1o atrevido, envolvente y confortable, caracterizado por colores vivos y brillantes, conseguidos de los sorprendentes colores naturales de la planta. Abandonarse en los brazos de la naturaleza, dejarse acoger con dulzura por la belleza de un jard\u00edn secreto: esta es la invitaci\u00f3n delicada y sugerente de Calatea.<\/p>\n","protected":false},"excerpt":{"rendered":"<p>Calatea, el sill\u00f3n dise\u00f1ado para Pianca por Cristina Celestino, representa la s\u00edntesis de una investigaci\u00f3n formal que va buscando las proporciones fuera de escala de elementos primitivos y simples como las hojas.<\/p>\n","protected":false},"featured_media":1123,"template":"","meta":{"_joinchat":[]},"product_cat":[18],"product_tag":[],"class_list":{"0":"post-800","1":"product","2":"type-product","3":"status-publish","4":"has-post-thumbnail","6":"product_cat-pianca-collection","8":"first","9":"instock","10":"shipping-taxable","11":"purchasable","12":"product-type-simple"},"aioseo_notices":[],"_links":{"self":[{"href":"https:\/\/mueblesitalianos.com\/site\/wp-json\/wp\/v2\/product\/800","targetHints":{"allow":["GET"]}}],"collection":[{"href":"https:\/\/mueblesitalianos.com\/site\/wp-json\/wp\/v2\/product"}],"about":[{"href":"https:\/\/mueblesitalianos.com\/site\/wp-json\/wp\/v2\/types\/product"}],"wp:featuredmedia":[{"embeddable":true,"href":"https:\/\/mueblesitalianos.com\/site\/wp-json\/wp\/v2\/media\/1123"}],"wp:attachment":[{"href":"https:\/\/mueblesitalianos.com\/site\/wp-json\/wp\/v2\/media?parent=800"}],"wp:term":[{"taxonomy":"product_cat","embeddable":true,"href":"https:\/\/mueblesitalianos.com\/site\/wp-json\/wp\/v2\/product_cat?post=800"},{"taxonomy":"product_tag","embeddable":true,"href":"https:\/\/mueblesitalianos.com\/site\/wp-json\/wp\/v2\/product_tag?post=800"}],"curies":[{"name":"wp","href":"https:\/\/api.w.org\/{rel}","templated":true}]}}