{"id":804,"date":"2022-10-27T14:07:50","date_gmt":"2022-10-27T14:07:50","guid":{"rendered":"https:\/\/mueblesitalianos.com\/site\/?post_type=product&#038;p=804"},"modified":"2023-10-28T06:13:44","modified_gmt":"2023-10-28T06:13:44","slug":"embrace","status":"publish","type":"product","link":"https:\/\/mueblesitalianos.com\/site\/producto\/embrace\/","title":{"rendered":"Embrace"},"content":{"rendered":"<p>La tranquilidad proviene del recuerdo de las formas cl\u00e1sicas: solemnes, autoritarias, pero a la vez acogedoras. La cama Embrace, en su refinada sencillez, redescubre la calidez de un abrazo, de un puerto seguro donde arribar. En la versi\u00f3n sin arc\u00f3n, el colch\u00f3n se puede encajar en la estructura. Las patas ocultas elevan pocos cent\u00edmetros del suelo la estructura: una fluctuaci\u00f3n delicada, casi imperceptible.<\/p>\n","protected":false},"excerpt":{"rendered":"<p>El cabecero curvil\u00edneo, protagonista de toda la composici\u00f3n, encierra el cuerpo de la cama en su interior, dobl\u00e1ndose en un abrazo envolvente y material, ofreciendo protecci\u00f3n y sosiego.<\/p>\n","protected":false},"featured_media":1126,"template":"","meta":{"_joinchat":[]},"product_cat":[18],"product_tag":[],"class_list":{"0":"post-804","1":"product","2":"type-product","3":"status-publish","4":"has-post-thumbnail","6":"product_cat-pianca-collection","8":"first","9":"instock","10":"shipping-taxable","11":"purchasable","12":"product-type-simple"},"aioseo_notices":[],"_links":{"self":[{"href":"https:\/\/mueblesitalianos.com\/site\/wp-json\/wp\/v2\/product\/804","targetHints":{"allow":["GET"]}}],"collection":[{"href":"https:\/\/mueblesitalianos.com\/site\/wp-json\/wp\/v2\/product"}],"about":[{"href":"https:\/\/mueblesitalianos.com\/site\/wp-json\/wp\/v2\/types\/product"}],"wp:featuredmedia":[{"embeddable":true,"href":"https:\/\/mueblesitalianos.com\/site\/wp-json\/wp\/v2\/media\/1126"}],"wp:attachment":[{"href":"https:\/\/mueblesitalianos.com\/site\/wp-json\/wp\/v2\/media?parent=804"}],"wp:term":[{"taxonomy":"product_cat","embeddable":true,"href":"https:\/\/mueblesitalianos.com\/site\/wp-json\/wp\/v2\/product_cat?post=804"},{"taxonomy":"product_tag","embeddable":true,"href":"https:\/\/mueblesitalianos.com\/site\/wp-json\/wp\/v2\/product_tag?post=804"}],"curies":[{"name":"wp","href":"https:\/\/api.w.org\/{rel}","templated":true}]}}