{"id":808,"date":"2022-10-27T14:13:00","date_gmt":"2022-10-27T14:13:00","guid":{"rendered":"https:\/\/mueblesitalianos.com\/site\/?post_type=product&#038;p=808"},"modified":"2023-11-06T16:51:09","modified_gmt":"2023-11-06T16:51:09","slug":"dedalo-d57","status":"publish","type":"product","link":"https:\/\/mueblesitalianos.com\/site\/producto\/dedalo-d57\/","title":{"rendered":"Dedalo D57"},"content":{"rendered":"<p>Fascinante, sensual y camale\u00f3nica: la colecci\u00f3n Dedalo ofrece m\u00faltiples posibilidades de uso, personalizaci\u00f3n e interpretaci\u00f3n del espacio. El dise\u00f1o de cada elemento propone la esencialidad geom\u00e9trica del cilindro, con un pr\u00e1ctico reborde en la parte superior concebido para desempe\u00f1ar la funci\u00f3n de una c\u00f3moda bandeja de almacenamiento. A partir de la versi\u00f3n apilable con un caj\u00f3n, la colecci\u00f3n se desarrolla con el m\u00f3dulo de dos cajones realizado con un solo cuerpo y en la versi\u00f3n c\u00f3moda, adquiriendo un desarrollo longitudinal que potencia la capacidad de almacenamiento de los cajones. Dos di\u00e1metros y un sinf\u00edn de acabados, que se enriquecen con nuevas posibilidades, para dar respuesta a cualquier necesidad material y crom\u00e1tica y estimular un juego creativo de combinaciones<\/p>\n","protected":false},"excerpt":{"rendered":"<p>M\u00d3DULO D57<\/p>\n<p>Fascinante, sensual y camale\u00f3nica: la colecci\u00f3n Dedalo ofrece m\u00faltiples posibilidades de uso, personalizaci\u00f3n e interpretaci\u00f3n del espacio.<\/p>\n","protected":false},"featured_media":1127,"template":"","meta":{"_joinchat":[]},"product_cat":[18],"product_tag":[],"class_list":{"0":"post-808","1":"product","2":"type-product","3":"status-publish","4":"has-post-thumbnail","6":"product_cat-pianca-collection","8":"first","9":"instock","10":"shipping-taxable","11":"purchasable","12":"product-type-simple"},"aioseo_notices":[],"_links":{"self":[{"href":"https:\/\/mueblesitalianos.com\/site\/wp-json\/wp\/v2\/product\/808","targetHints":{"allow":["GET"]}}],"collection":[{"href":"https:\/\/mueblesitalianos.com\/site\/wp-json\/wp\/v2\/product"}],"about":[{"href":"https:\/\/mueblesitalianos.com\/site\/wp-json\/wp\/v2\/types\/product"}],"wp:featuredmedia":[{"embeddable":true,"href":"https:\/\/mueblesitalianos.com\/site\/wp-json\/wp\/v2\/media\/1127"}],"wp:attachment":[{"href":"https:\/\/mueblesitalianos.com\/site\/wp-json\/wp\/v2\/media?parent=808"}],"wp:term":[{"taxonomy":"product_cat","embeddable":true,"href":"https:\/\/mueblesitalianos.com\/site\/wp-json\/wp\/v2\/product_cat?post=808"},{"taxonomy":"product_tag","embeddable":true,"href":"https:\/\/mueblesitalianos.com\/site\/wp-json\/wp\/v2\/product_tag?post=808"}],"curies":[{"name":"wp","href":"https:\/\/api.w.org\/{rel}","templated":true}]}}