{"id":816,"date":"2022-11-17T14:20:42","date_gmt":"2022-11-17T14:20:42","guid":{"rendered":"https:\/\/mueblesitalianos.com\/site\/?post_type=product&#038;p=816"},"modified":"2024-04-05T18:16:16","modified_gmt":"2024-04-05T18:16:16","slug":"asolo","status":"publish","type":"product","link":"https:\/\/mueblesitalianos.com\/site\/producto\/asolo\/","title":{"rendered":"Asolo"},"content":{"rendered":"<p>Conjunto sofisticado. Asolo es la expresi\u00f3n de un lenguaje estil\u00edstico contempor\u00e1neo y minimalista. Reducidos son los vol\u00famenes, limpio y elegante es el dise\u00f1o, gracias a la estructura monocasco. Complementarios entre s\u00ed, el reposabrazos y la base dise\u00f1an una geometr\u00eda de l\u00edneas ligeras y esbeltas. La tapicer\u00eda tiene una caracter\u00edstica costura \u201csolapada\u201d en el lateral del reposabrazos, en continuidad con el perfil met\u00e1lico de la base de pat\u00edn. Los asientos, equipados con un mecanismo de desplazamiento, pueden deslizarse hacia adelante. La modularidad disponible es amplia, lo que permite numerosas configuraciones.<\/p>\n","protected":false},"excerpt":{"rendered":"<p>Reducidos son los vol\u00famenes, limpio y elegante es el dise\u00f1o, gracias a la estructura monocasco.<\/p>\n","protected":false},"featured_media":1131,"template":"","meta":{"_joinchat":[]},"product_cat":[18],"product_tag":[],"class_list":{"0":"post-816","1":"product","2":"type-product","3":"status-publish","4":"has-post-thumbnail","6":"product_cat-pianca-collection","8":"first","9":"outofstock","10":"shipping-taxable","11":"purchasable","12":"product-type-simple"},"aioseo_notices":[],"_links":{"self":[{"href":"https:\/\/mueblesitalianos.com\/site\/wp-json\/wp\/v2\/product\/816","targetHints":{"allow":["GET"]}}],"collection":[{"href":"https:\/\/mueblesitalianos.com\/site\/wp-json\/wp\/v2\/product"}],"about":[{"href":"https:\/\/mueblesitalianos.com\/site\/wp-json\/wp\/v2\/types\/product"}],"wp:featuredmedia":[{"embeddable":true,"href":"https:\/\/mueblesitalianos.com\/site\/wp-json\/wp\/v2\/media\/1131"}],"wp:attachment":[{"href":"https:\/\/mueblesitalianos.com\/site\/wp-json\/wp\/v2\/media?parent=816"}],"wp:term":[{"taxonomy":"product_cat","embeddable":true,"href":"https:\/\/mueblesitalianos.com\/site\/wp-json\/wp\/v2\/product_cat?post=816"},{"taxonomy":"product_tag","embeddable":true,"href":"https:\/\/mueblesitalianos.com\/site\/wp-json\/wp\/v2\/product_tag?post=816"}],"curies":[{"name":"wp","href":"https:\/\/api.w.org\/{rel}","templated":true}]}}