{"id":832,"date":"2022-11-12T14:37:19","date_gmt":"2022-11-12T14:37:19","guid":{"rendered":"https:\/\/mueblesitalianos.com\/site\/?post_type=product&#038;p=832"},"modified":"2023-10-28T06:24:34","modified_gmt":"2023-10-28T06:24:34","slug":"ananta-class","status":"publish","type":"product","link":"https:\/\/mueblesitalianos.com\/site\/producto\/ananta-class\/","title":{"rendered":"Ananta Class"},"content":{"rendered":"<p>Ananta Class es un sistema informal, libre y vers\u00e1til, que ofrece infinitas composiciones gracias a los respaldos independientes y a las bases de 80, 120, 160, 200 y 240 cm que pueden adosarse entre ellas. El proyecto evoca el concepto de infinito y parte de la simplificaci\u00f3n constructiva: los asientos no tienen v\u00ednculos de brazos y respaldos y se reorganizan en los espacios adapt\u00e1ndolos a las distintas exigencias. El proyecto se completa con una mesa de centro, disponible en dos medidas. El soporte con acabado cromo negro sostiene un tablero disponible con contrachapado nogal canaletto o revestido de cuero regenerado. Una forma nueva, democr\u00e1tica y contempor\u00e1nea de subordinar el objeto a la centralidad de la persona. Completamente desenfundable.<\/p>\n","protected":false},"excerpt":{"rendered":"<p>Ananta Class SOFA PLUMA<\/p>\n","protected":false},"featured_media":1134,"template":"","meta":{"_joinchat":[]},"product_cat":[19],"product_tag":[],"class_list":{"0":"post-832","1":"product","2":"type-product","3":"status-publish","4":"has-post-thumbnail","6":"product_cat-saba-collection","8":"first","9":"instock","10":"shipping-taxable","11":"purchasable","12":"product-type-simple"},"aioseo_notices":[],"_links":{"self":[{"href":"https:\/\/mueblesitalianos.com\/site\/wp-json\/wp\/v2\/product\/832","targetHints":{"allow":["GET"]}}],"collection":[{"href":"https:\/\/mueblesitalianos.com\/site\/wp-json\/wp\/v2\/product"}],"about":[{"href":"https:\/\/mueblesitalianos.com\/site\/wp-json\/wp\/v2\/types\/product"}],"wp:featuredmedia":[{"embeddable":true,"href":"https:\/\/mueblesitalianos.com\/site\/wp-json\/wp\/v2\/media\/1134"}],"wp:attachment":[{"href":"https:\/\/mueblesitalianos.com\/site\/wp-json\/wp\/v2\/media?parent=832"}],"wp:term":[{"taxonomy":"product_cat","embeddable":true,"href":"https:\/\/mueblesitalianos.com\/site\/wp-json\/wp\/v2\/product_cat?post=832"},{"taxonomy":"product_tag","embeddable":true,"href":"https:\/\/mueblesitalianos.com\/site\/wp-json\/wp\/v2\/product_tag?post=832"}],"curies":[{"name":"wp","href":"https:\/\/api.w.org\/{rel}","templated":true}]}}