{"id":841,"date":"2022-11-12T14:46:30","date_gmt":"2022-11-12T14:46:30","guid":{"rendered":"https:\/\/mueblesitalianos.com\/site\/?post_type=product&#038;p=841"},"modified":"2024-04-05T18:07:40","modified_gmt":"2024-04-05T18:07:40","slug":"bustier","status":"publish","type":"product","link":"https:\/\/mueblesitalianos.com\/site\/producto\/bustier\/","title":{"rendered":"Bustier"},"content":{"rendered":"<p>Formas elegantes y sinuosas para Bustier, un sof\u00e1 que se inspira en los cors\u00e9s envolventes de las damas del Ochocientos. Bustier se compone de una estructura r\u00edgida que abraza mullidos cojines de pluma, que prestan sus formas a innumerables cambios de tapicer\u00eda e interpretaciones. La colecci\u00f3n de tejidos de Saba Italia es \u00fanica en su g\u00e9nero e interpreta el esp\u00edritu de Bustier en modo ecl\u00e9ctico, para amueblar decorando tanto las zonas de estar como los espacios comunitarios. Disponible tambi\u00e9n con base giratoria, totalmente desenfundable.<\/p>\n","protected":false},"excerpt":{"rendered":"<p>Bustier BUTACA FIJA<\/p>\n","protected":false},"featured_media":1136,"template":"","meta":{"_joinchat":[]},"product_cat":[19],"product_tag":[],"class_list":{"0":"post-841","1":"product","2":"type-product","3":"status-publish","4":"has-post-thumbnail","6":"product_cat-saba-collection","8":"first","9":"outofstock","10":"shipping-taxable","11":"purchasable","12":"product-type-simple"},"aioseo_notices":[],"_links":{"self":[{"href":"https:\/\/mueblesitalianos.com\/site\/wp-json\/wp\/v2\/product\/841","targetHints":{"allow":["GET"]}}],"collection":[{"href":"https:\/\/mueblesitalianos.com\/site\/wp-json\/wp\/v2\/product"}],"about":[{"href":"https:\/\/mueblesitalianos.com\/site\/wp-json\/wp\/v2\/types\/product"}],"wp:featuredmedia":[{"embeddable":true,"href":"https:\/\/mueblesitalianos.com\/site\/wp-json\/wp\/v2\/media\/1136"}],"wp:attachment":[{"href":"https:\/\/mueblesitalianos.com\/site\/wp-json\/wp\/v2\/media?parent=841"}],"wp:term":[{"taxonomy":"product_cat","embeddable":true,"href":"https:\/\/mueblesitalianos.com\/site\/wp-json\/wp\/v2\/product_cat?post=841"},{"taxonomy":"product_tag","embeddable":true,"href":"https:\/\/mueblesitalianos.com\/site\/wp-json\/wp\/v2\/product_tag?post=841"}],"curies":[{"name":"wp","href":"https:\/\/api.w.org\/{rel}","templated":true}]}}