{"id":844,"date":"2022-11-12T14:49:25","date_gmt":"2022-11-12T14:49:25","guid":{"rendered":"https:\/\/mueblesitalianos.com\/site\/?post_type=product&#038;p=844"},"modified":"2024-04-05T18:06:28","modified_gmt":"2024-04-05T18:06:28","slug":"my-taos","status":"publish","type":"product","link":"https:\/\/mueblesitalianos.com\/site\/producto\/my-taos\/","title":{"rendered":"My Taos"},"content":{"rendered":"<p>My Taos es el proyecto de sof\u00e1 que mejor explica la identidad Saba. El trabajo de remodelaci\u00f3n se ha basado en los cuatro principios b\u00e1sicos de la empresa: la memoria, el confort, el dise\u00f1o y la poes\u00eda. La memoria se encuentra en el nuevo My Taos en la fidelidad al proyecto original manteniendo en desplazamiento hacia adelante y atr\u00e1s del puf. El confort ha baremado de nuevo las alturas y se ha mejorado la ergonom\u00eda con el uso de materiales de \u00faltima generaci\u00f3n. El dise\u00f1o ha redise\u00f1ado nuevas mesas de apoyo funcionales y nuevos cojines cil\u00edndricos de apoyo. La poes\u00eda ha redondeado las formas, suavizado las aristas y dulcificado las l\u00edneas. My Taos es tu-nuestro sof\u00e1 que explica c\u00f3mo una idea excelente no se consume debido a la fragilidad del paso del tiempo. Completamente desenfundable.<\/p>\n","protected":false},"excerpt":{"rendered":"<p>MY TAOS CENTRAL 210X105<br \/>\nAPOYABRAZO DERECHO<br \/>\n26X105H.58<\/p>\n","protected":false},"featured_media":1135,"template":"","meta":{"_joinchat":[]},"product_cat":[19],"product_tag":[],"class_list":{"0":"post-844","1":"product","2":"type-product","3":"status-publish","4":"has-post-thumbnail","6":"product_cat-saba-collection","8":"first","9":"outofstock","10":"shipping-taxable","11":"purchasable","12":"product-type-simple"},"aioseo_notices":[],"_links":{"self":[{"href":"https:\/\/mueblesitalianos.com\/site\/wp-json\/wp\/v2\/product\/844","targetHints":{"allow":["GET"]}}],"collection":[{"href":"https:\/\/mueblesitalianos.com\/site\/wp-json\/wp\/v2\/product"}],"about":[{"href":"https:\/\/mueblesitalianos.com\/site\/wp-json\/wp\/v2\/types\/product"}],"wp:featuredmedia":[{"embeddable":true,"href":"https:\/\/mueblesitalianos.com\/site\/wp-json\/wp\/v2\/media\/1135"}],"wp:attachment":[{"href":"https:\/\/mueblesitalianos.com\/site\/wp-json\/wp\/v2\/media?parent=844"}],"wp:term":[{"taxonomy":"product_cat","embeddable":true,"href":"https:\/\/mueblesitalianos.com\/site\/wp-json\/wp\/v2\/product_cat?post=844"},{"taxonomy":"product_tag","embeddable":true,"href":"https:\/\/mueblesitalianos.com\/site\/wp-json\/wp\/v2\/product_tag?post=844"}],"curies":[{"name":"wp","href":"https:\/\/api.w.org\/{rel}","templated":true}]}}