{"id":847,"date":"2022-11-12T14:53:42","date_gmt":"2022-11-12T14:53:42","guid":{"rendered":"https:\/\/mueblesitalianos.com\/site\/?post_type=product&#038;p=847"},"modified":"2023-10-28T06:25:31","modified_gmt":"2023-10-28T06:25:31","slug":"geo-pouf","status":"publish","type":"product","link":"https:\/\/mueblesitalianos.com\/site\/producto\/geo-pouf\/","title":{"rendered":"Geo Pouf"},"content":{"rendered":"<p>El puf Geo es un accesorio que se coloca idealmente en cualquier ambiente dom\u00e9stico o contract. Un comod\u00edn que dialoga con estilos heterog\u00e9neos gracias a un simple cambio de h\u00e1bito y a un muestrario textil extremadamente refinado. Geo es un puf que aporta un toque de color y personalidad a cualquier ambiente, creando al mismo tiempo asientos adicionales. La estructura met\u00e1lica de apoyo enriquece el proyecto garantizando asimismo una mayor pulcritud. Totalmente desenfundable.<\/p>\n","protected":false},"excerpt":{"rendered":"<p>POUF GEO PEQUE\u00d1O 60X60<br \/>\nH38<\/p>\n","protected":false},"featured_media":1141,"template":"","meta":{"_joinchat":[]},"product_cat":[19],"product_tag":[],"class_list":{"0":"post-847","1":"product","2":"type-product","3":"status-publish","4":"has-post-thumbnail","6":"product_cat-saba-collection","8":"first","9":"instock","10":"shipping-taxable","11":"purchasable","12":"product-type-simple"},"aioseo_notices":[],"_links":{"self":[{"href":"https:\/\/mueblesitalianos.com\/site\/wp-json\/wp\/v2\/product\/847","targetHints":{"allow":["GET"]}}],"collection":[{"href":"https:\/\/mueblesitalianos.com\/site\/wp-json\/wp\/v2\/product"}],"about":[{"href":"https:\/\/mueblesitalianos.com\/site\/wp-json\/wp\/v2\/types\/product"}],"wp:featuredmedia":[{"embeddable":true,"href":"https:\/\/mueblesitalianos.com\/site\/wp-json\/wp\/v2\/media\/1141"}],"wp:attachment":[{"href":"https:\/\/mueblesitalianos.com\/site\/wp-json\/wp\/v2\/media?parent=847"}],"wp:term":[{"taxonomy":"product_cat","embeddable":true,"href":"https:\/\/mueblesitalianos.com\/site\/wp-json\/wp\/v2\/product_cat?post=847"},{"taxonomy":"product_tag","embeddable":true,"href":"https:\/\/mueblesitalianos.com\/site\/wp-json\/wp\/v2\/product_tag?post=847"}],"curies":[{"name":"wp","href":"https:\/\/api.w.org\/{rel}","templated":true}]}}