{"id":860,"date":"2022-11-12T15:04:21","date_gmt":"2022-11-12T15:04:21","guid":{"rendered":"https:\/\/mueblesitalianos.com\/site\/?post_type=product&#038;p=860"},"modified":"2023-10-28T06:31:52","modified_gmt":"2023-10-28T06:31:52","slug":"baby-geo","status":"publish","type":"product","link":"https:\/\/mueblesitalianos.com\/site\/producto\/baby-geo\/","title":{"rendered":"Baby Geo"},"content":{"rendered":"<p>La colecci\u00f3n Geo cuenta con un elemento: un sill\u00f3n completamente redondo que ha sido creado utilizando como asiento el puf hom\u00f3nimo. La estructura realizada con varillas de metal soporta el respaldo curvado de madera acolchada, sus formas resultan generosas sin ser demasiado excesivas. Los puf Geo de 70 cm de di\u00e1metro han sido dise\u00f1ados para acoger la estructura del respaldo que puede fijarse f\u00e1cilmente a la base del puf en un segundo momento. Completamente desenfundable.<\/p>\n","protected":false},"excerpt":{"rendered":"<p>BUTACA BABY GEO<br \/>\nESTRUCTURA GRIS RAL 7021<\/p>\n","protected":false},"featured_media":1143,"template":"","meta":{"_joinchat":[]},"product_cat":[19],"product_tag":[],"class_list":{"0":"post-860","1":"product","2":"type-product","3":"status-publish","4":"has-post-thumbnail","6":"product_cat-saba-collection","8":"first","9":"instock","10":"shipping-taxable","11":"purchasable","12":"product-type-simple"},"aioseo_notices":[],"_links":{"self":[{"href":"https:\/\/mueblesitalianos.com\/site\/wp-json\/wp\/v2\/product\/860","targetHints":{"allow":["GET"]}}],"collection":[{"href":"https:\/\/mueblesitalianos.com\/site\/wp-json\/wp\/v2\/product"}],"about":[{"href":"https:\/\/mueblesitalianos.com\/site\/wp-json\/wp\/v2\/types\/product"}],"wp:featuredmedia":[{"embeddable":true,"href":"https:\/\/mueblesitalianos.com\/site\/wp-json\/wp\/v2\/media\/1143"}],"wp:attachment":[{"href":"https:\/\/mueblesitalianos.com\/site\/wp-json\/wp\/v2\/media?parent=860"}],"wp:term":[{"taxonomy":"product_cat","embeddable":true,"href":"https:\/\/mueblesitalianos.com\/site\/wp-json\/wp\/v2\/product_cat?post=860"},{"taxonomy":"product_tag","embeddable":true,"href":"https:\/\/mueblesitalianos.com\/site\/wp-json\/wp\/v2\/product_tag?post=860"}],"curies":[{"name":"wp","href":"https:\/\/api.w.org\/{rel}","templated":true}]}}