{"id":873,"date":"2022-10-13T16:04:06","date_gmt":"2022-10-13T16:04:06","guid":{"rendered":"https:\/\/mueblesitalianos.com\/site\/?post_type=product&#038;p=873"},"modified":"2022-11-10T22:06:53","modified_gmt":"2022-11-10T22:06:53","slug":"caadre","status":"publish","type":"product","link":"https:\/\/mueblesitalianos.com\/site\/producto\/caadre\/","title":{"rendered":"Caadre"},"content":{"rendered":"<p>Espejo de pie, tambi\u00e9n disponible en versi\u00f3n suspendida en cristal curvo de 6 mm de espesor, formado por cuatro elementos curvos independientes con fondo plateado. Tambi\u00e9n disponible en cristal semirreflectante de titanio o en cristal de bronce con reverso plateado. Se puede colgar horizontal o verticalmente. Tambi\u00e9n disponible en tama\u00f1o personalizado y en configuraciones modulares. Kit de iluminaci\u00f3n LED con regulador de intensidad y regulaci\u00f3n de temperatura (opcional).C<\/p>\n","protected":false},"excerpt":{"rendered":"<p>ESPEJO EN CRISTAL CURVADO<\/p>\n","protected":false},"featured_media":1147,"template":"","meta":{"_joinchat":[]},"product_cat":[20],"product_tag":[],"class_list":{"0":"post-873","1":"product","2":"type-product","3":"status-publish","4":"has-post-thumbnail","6":"product_cat-fiam-collection","8":"first","9":"outofstock","10":"shipping-taxable","11":"purchasable","12":"product-type-simple"},"aioseo_notices":[],"_links":{"self":[{"href":"https:\/\/mueblesitalianos.com\/site\/wp-json\/wp\/v2\/product\/873","targetHints":{"allow":["GET"]}}],"collection":[{"href":"https:\/\/mueblesitalianos.com\/site\/wp-json\/wp\/v2\/product"}],"about":[{"href":"https:\/\/mueblesitalianos.com\/site\/wp-json\/wp\/v2\/types\/product"}],"wp:featuredmedia":[{"embeddable":true,"href":"https:\/\/mueblesitalianos.com\/site\/wp-json\/wp\/v2\/media\/1147"}],"wp:attachment":[{"href":"https:\/\/mueblesitalianos.com\/site\/wp-json\/wp\/v2\/media?parent=873"}],"wp:term":[{"taxonomy":"product_cat","embeddable":true,"href":"https:\/\/mueblesitalianos.com\/site\/wp-json\/wp\/v2\/product_cat?post=873"},{"taxonomy":"product_tag","embeddable":true,"href":"https:\/\/mueblesitalianos.com\/site\/wp-json\/wp\/v2\/product_tag?post=873"}],"curies":[{"name":"wp","href":"https:\/\/api.w.org\/{rel}","templated":true}]}}