{"id":877,"date":"2022-10-13T16:06:28","date_gmt":"2022-10-13T16:06:28","guid":{"rendered":"https:\/\/mueblesitalianos.com\/site\/?post_type=product&#038;p=877"},"modified":"2022-11-10T22:06:47","modified_gmt":"2022-11-10T22:06:47","slug":"kathleen","status":"publish","type":"product","link":"https:\/\/mueblesitalianos.com\/site\/producto\/kathleen\/","title":{"rendered":"Kathleen"},"content":{"rendered":"<p>Espejo de pie o de pared con marco de cristal fundido de alta temperatura de 6 mm, retropintado con acabados semitransparentes. Espejo central de 5 mm. Versi\u00f3n free standing realizada en estructura met\u00e1lica en acabado Champagne Met\u00e1lico o Gris Vulcano. Pie de madera maciza, acabado Tabaco o acabado negro tratado t\u00e9rmicamente. Sistema de iluminaci\u00f3n LED integrado con regulador de intensidad y regulaci\u00f3n de la temperatura (solo para la versi\u00f3n independiente).<\/p>\n","protected":false},"excerpt":{"rendered":"<p>ESPEJO EN VIDRIO FUNDIDO<\/p>\n","protected":false},"featured_media":1146,"template":"","meta":{"_joinchat":[]},"product_cat":[20],"product_tag":[],"class_list":{"0":"post-877","1":"product","2":"type-product","3":"status-publish","4":"has-post-thumbnail","6":"product_cat-fiam-collection","8":"first","9":"outofstock","10":"shipping-taxable","11":"purchasable","12":"product-type-simple"},"aioseo_notices":[],"_links":{"self":[{"href":"https:\/\/mueblesitalianos.com\/site\/wp-json\/wp\/v2\/product\/877","targetHints":{"allow":["GET"]}}],"collection":[{"href":"https:\/\/mueblesitalianos.com\/site\/wp-json\/wp\/v2\/product"}],"about":[{"href":"https:\/\/mueblesitalianos.com\/site\/wp-json\/wp\/v2\/types\/product"}],"wp:featuredmedia":[{"embeddable":true,"href":"https:\/\/mueblesitalianos.com\/site\/wp-json\/wp\/v2\/media\/1146"}],"wp:attachment":[{"href":"https:\/\/mueblesitalianos.com\/site\/wp-json\/wp\/v2\/media?parent=877"}],"wp:term":[{"taxonomy":"product_cat","embeddable":true,"href":"https:\/\/mueblesitalianos.com\/site\/wp-json\/wp\/v2\/product_cat?post=877"},{"taxonomy":"product_tag","embeddable":true,"href":"https:\/\/mueblesitalianos.com\/site\/wp-json\/wp\/v2\/product_tag?post=877"}],"curies":[{"name":"wp","href":"https:\/\/api.w.org\/{rel}","templated":true}]}}